{"id":17065,"date":"2023-11-28T10:57:15","date_gmt":"2023-11-28T09:57:15","guid":{"rendered":"https:\/\/www.eckla.de\/produkt\/eckla-v-bracket-made-of-stainless-steel\/"},"modified":"2024-11-24T17:35:16","modified_gmt":"2024-11-24T16:35:16","slug":"eckla-v-bracket-made-of-stainless-steel","status":"publish","type":"product","link":"https:\/\/www.eckla.de\/en\/produkt\/eckla-v-bracket-made-of-stainless-steel\/","title":{"rendered":"ECKLA\u00ae \u2013 V-BRACKET made of stainless steel"},"content":{"rendered":"<p>For rectangular roof rack bars 32x22mm<br \/>\nThe oval bracket is covered with robust plastic to avoid damage during transport.<\/p>\n<p>Opening width 20cm<\/p>\n","protected":false},"excerpt":{"rendered":"<p>ECKLA\u00ae \u2013 V-BRACKET made of stainless steel<\/p>\n","protected":false},"featured_media":16763,"comment_status":"open","ping_status":"closed","template":"","meta":{"_acf_changed":false,"_links_to":"","_links_to_target":""},"product_brand":[],"product_cat":[102],"product_tag":[],"class_list":{"0":"post-17065","1":"product","2":"type-product","3":"status-publish","4":"has-post-thumbnail","6":"product_cat-water-sports-roof-rack-accessories","8":"first","9":"instock","10":"taxable","11":"shipping-taxable","12":"purchasable","13":"product-type-simple"},"acf":[],"yoast_head":"<!-- This site is optimized with the Yoast SEO plugin v27.2 - https:\/\/yoast.com\/product\/yoast-seo-wordpress\/ -->\n<title>ECKLA\u00ae \u2013 V-BRACKET made of stainless steel - ECKLA\u00ae<\/title>\n<meta name=\"robots\" content=\"index, follow, max-snippet:-1, max-image-preview:large, max-video-preview:-1\" \/>\n<link rel=\"canonical\" href=\"https:\/\/www.eckla.de\/en\/produkt\/eckla-v-bracket-made-of-stainless-steel\/\" \/>\n<meta property=\"og:locale\" content=\"en_US\" \/>\n<meta property=\"og:type\" content=\"article\" \/>\n<meta property=\"og:title\" content=\"ECKLA\u00ae \u2013 V-BRACKET made of stainless steel - ECKLA\u00ae\" \/>\n<meta property=\"og:description\" content=\"ECKLA\u00ae \u2013 V-BRACKET made of stainless steel\" \/>\n<meta property=\"og:url\" content=\"https:\/\/www.eckla.de\/en\/produkt\/eckla-v-bracket-made-of-stainless-steel\/\" \/>\n<meta property=\"og:site_name\" content=\"ECKLA\u00ae\" \/>\n<meta property=\"article:modified_time\" content=\"2024-11-24T16:35:16+00:00\" \/>\n<meta property=\"og:image\" content=\"https:\/\/www.eckla.de\/wp-content\/uploads\/2023\/11\/ECKLA-V-BUeGEL-78953-Edelstahl-1.jpg\" \/>\n\t<meta property=\"og:image:width\" content=\"1899\" \/>\n\t<meta property=\"og:image:height\" content=\"1899\" \/>\n\t<meta property=\"og:image:type\" content=\"image\/jpeg\" \/>\n<meta name=\"twitter:card\" content=\"summary_large_image\" \/>\n<script type=\"application\/ld+json\" class=\"yoast-schema-graph\">{\"@context\":\"https:\/\/schema.org\",\"@graph\":[{\"@type\":\"WebPage\",\"@id\":\"https:\/\/www.eckla.de\/en\/produkt\/eckla-v-bracket-made-of-stainless-steel\/\",\"url\":\"https:\/\/www.eckla.de\/en\/produkt\/eckla-v-bracket-made-of-stainless-steel\/\",\"name\":\"ECKLA\u00ae \u2013 V-BRACKET made of stainless steel - ECKLA\u00ae\",\"isPartOf\":{\"@id\":\"https:\/\/www.eckla.de\/#website\"},\"primaryImageOfPage\":{\"@id\":\"https:\/\/www.eckla.de\/en\/produkt\/eckla-v-bracket-made-of-stainless-steel\/#primaryimage\"},\"image\":{\"@id\":\"https:\/\/www.eckla.de\/en\/produkt\/eckla-v-bracket-made-of-stainless-steel\/#primaryimage\"},\"thumbnailUrl\":\"https:\/\/www.eckla.de\/wp-content\/uploads\/2023\/11\/ECKLA-V-BUeGEL-78953-Edelstahl-1.jpg\",\"datePublished\":\"2023-11-28T09:57:15+00:00\",\"dateModified\":\"2024-11-24T16:35:16+00:00\",\"breadcrumb\":{\"@id\":\"https:\/\/www.eckla.de\/en\/produkt\/eckla-v-bracket-made-of-stainless-steel\/#breadcrumb\"},\"inLanguage\":\"en-US\",\"potentialAction\":[{\"@type\":\"ReadAction\",\"target\":[\"https:\/\/www.eckla.de\/en\/produkt\/eckla-v-bracket-made-of-stainless-steel\/\"]}]},{\"@type\":\"ImageObject\",\"inLanguage\":\"en-US\",\"@id\":\"https:\/\/www.eckla.de\/en\/produkt\/eckla-v-bracket-made-of-stainless-steel\/#primaryimage\",\"url\":\"https:\/\/www.eckla.de\/wp-content\/uploads\/2023\/11\/ECKLA-V-BUeGEL-78953-Edelstahl-1.jpg\",\"contentUrl\":\"https:\/\/www.eckla.de\/wp-content\/uploads\/2023\/11\/ECKLA-V-BUeGEL-78953-Edelstahl-1.jpg\",\"width\":1899,\"height\":1899,\"caption\":\"Dachtr\u00e4gerzubeh\u00f6r, V-B\u00fcgel, Edelstahl\"},{\"@type\":\"BreadcrumbList\",\"@id\":\"https:\/\/www.eckla.de\/en\/produkt\/eckla-v-bracket-made-of-stainless-steel\/#breadcrumb\",\"itemListElement\":[{\"@type\":\"ListItem\",\"position\":1,\"name\":\"Startseite\",\"item\":\"https:\/\/www.eckla.de\/\"},{\"@type\":\"ListItem\",\"position\":2,\"name\":\"Shop\",\"item\":\"https:\/\/www.eckla.de\/en\/shop-3\/\"},{\"@type\":\"ListItem\",\"position\":3,\"name\":\"ECKLA\u00ae \u2013 V-BRACKET made of stainless steel\"}]},{\"@type\":\"WebSite\",\"@id\":\"https:\/\/www.eckla.de\/#website\",\"url\":\"https:\/\/www.eckla.de\/\",\"name\":\"ECKLA\u00ae\",\"description\":\"Innovativ seit \u00fcber 40 Jahren\",\"potentialAction\":[{\"@type\":\"SearchAction\",\"target\":{\"@type\":\"EntryPoint\",\"urlTemplate\":\"https:\/\/www.eckla.de\/?s={search_term_string}\"},\"query-input\":{\"@type\":\"PropertyValueSpecification\",\"valueRequired\":true,\"valueName\":\"search_term_string\"}}],\"inLanguage\":\"en-US\"}]}<\/script>\n<!-- \/ Yoast SEO plugin. -->","yoast_head_json":{"title":"ECKLA\u00ae \u2013 V-BRACKET made of stainless steel - ECKLA\u00ae","robots":{"index":"index","follow":"follow","max-snippet":"max-snippet:-1","max-image-preview":"max-image-preview:large","max-video-preview":"max-video-preview:-1"},"canonical":"https:\/\/www.eckla.de\/en\/produkt\/eckla-v-bracket-made-of-stainless-steel\/","og_locale":"en_US","og_type":"article","og_title":"ECKLA\u00ae \u2013 V-BRACKET made of stainless steel - ECKLA\u00ae","og_description":"ECKLA\u00ae \u2013 V-BRACKET made of stainless steel","og_url":"https:\/\/www.eckla.de\/en\/produkt\/eckla-v-bracket-made-of-stainless-steel\/","og_site_name":"ECKLA\u00ae","article_modified_time":"2024-11-24T16:35:16+00:00","og_image":[{"width":1899,"height":1899,"url":"https:\/\/www.eckla.de\/wp-content\/uploads\/2023\/11\/ECKLA-V-BUeGEL-78953-Edelstahl-1.jpg","type":"image\/jpeg"}],"twitter_card":"summary_large_image","schema":{"@context":"https:\/\/schema.org","@graph":[{"@type":"WebPage","@id":"https:\/\/www.eckla.de\/en\/produkt\/eckla-v-bracket-made-of-stainless-steel\/","url":"https:\/\/www.eckla.de\/en\/produkt\/eckla-v-bracket-made-of-stainless-steel\/","name":"ECKLA\u00ae \u2013 V-BRACKET made of stainless steel - ECKLA\u00ae","isPartOf":{"@id":"https:\/\/www.eckla.de\/#website"},"primaryImageOfPage":{"@id":"https:\/\/www.eckla.de\/en\/produkt\/eckla-v-bracket-made-of-stainless-steel\/#primaryimage"},"image":{"@id":"https:\/\/www.eckla.de\/en\/produkt\/eckla-v-bracket-made-of-stainless-steel\/#primaryimage"},"thumbnailUrl":"https:\/\/www.eckla.de\/wp-content\/uploads\/2023\/11\/ECKLA-V-BUeGEL-78953-Edelstahl-1.jpg","datePublished":"2023-11-28T09:57:15+00:00","dateModified":"2024-11-24T16:35:16+00:00","breadcrumb":{"@id":"https:\/\/www.eckla.de\/en\/produkt\/eckla-v-bracket-made-of-stainless-steel\/#breadcrumb"},"inLanguage":"en-US","potentialAction":[{"@type":"ReadAction","target":["https:\/\/www.eckla.de\/en\/produkt\/eckla-v-bracket-made-of-stainless-steel\/"]}]},{"@type":"ImageObject","inLanguage":"en-US","@id":"https:\/\/www.eckla.de\/en\/produkt\/eckla-v-bracket-made-of-stainless-steel\/#primaryimage","url":"https:\/\/www.eckla.de\/wp-content\/uploads\/2023\/11\/ECKLA-V-BUeGEL-78953-Edelstahl-1.jpg","contentUrl":"https:\/\/www.eckla.de\/wp-content\/uploads\/2023\/11\/ECKLA-V-BUeGEL-78953-Edelstahl-1.jpg","width":1899,"height":1899,"caption":"Dachtr\u00e4gerzubeh\u00f6r, V-B\u00fcgel, Edelstahl"},{"@type":"BreadcrumbList","@id":"https:\/\/www.eckla.de\/en\/produkt\/eckla-v-bracket-made-of-stainless-steel\/#breadcrumb","itemListElement":[{"@type":"ListItem","position":1,"name":"Startseite","item":"https:\/\/www.eckla.de\/"},{"@type":"ListItem","position":2,"name":"Shop","item":"https:\/\/www.eckla.de\/en\/shop-3\/"},{"@type":"ListItem","position":3,"name":"ECKLA\u00ae \u2013 V-BRACKET made of stainless steel"}]},{"@type":"WebSite","@id":"https:\/\/www.eckla.de\/#website","url":"https:\/\/www.eckla.de\/","name":"ECKLA\u00ae","description":"Innovativ seit \u00fcber 40 Jahren","potentialAction":[{"@type":"SearchAction","target":{"@type":"EntryPoint","urlTemplate":"https:\/\/www.eckla.de\/?s={search_term_string}"},"query-input":{"@type":"PropertyValueSpecification","valueRequired":true,"valueName":"search_term_string"}}],"inLanguage":"en-US"}]}},"_links":{"self":[{"href":"https:\/\/www.eckla.de\/en\/wp-json\/wp\/v2\/product\/17065","targetHints":{"allow":["GET"]}}],"collection":[{"href":"https:\/\/www.eckla.de\/en\/wp-json\/wp\/v2\/product"}],"about":[{"href":"https:\/\/www.eckla.de\/en\/wp-json\/wp\/v2\/types\/product"}],"replies":[{"embeddable":true,"href":"https:\/\/www.eckla.de\/en\/wp-json\/wp\/v2\/comments?post=17065"}],"wp:featuredmedia":[{"embeddable":true,"href":"https:\/\/www.eckla.de\/en\/wp-json\/wp\/v2\/media\/16763"}],"wp:attachment":[{"href":"https:\/\/www.eckla.de\/en\/wp-json\/wp\/v2\/media?parent=17065"}],"wp:term":[{"taxonomy":"product_brand","embeddable":true,"href":"https:\/\/www.eckla.de\/en\/wp-json\/wp\/v2\/product_brand?post=17065"},{"taxonomy":"product_cat","embeddable":true,"href":"https:\/\/www.eckla.de\/en\/wp-json\/wp\/v2\/product_cat?post=17065"},{"taxonomy":"product_tag","embeddable":true,"href":"https:\/\/www.eckla.de\/en\/wp-json\/wp\/v2\/product_tag?post=17065"}],"curies":[{"name":"wp","href":"https:\/\/api.w.org\/{rel}","templated":true}]}}