{"id":17658,"date":"2024-05-11T11:18:32","date_gmt":"2024-05-11T09:18:32","guid":{"rendered":"https:\/\/www.eckla.de\/?post_type=product&#038;p=17658"},"modified":"2025-11-04T13:38:45","modified_gmt":"2025-11-04T12:38:45","slug":"surfrolly-mit-sitz-luftbereift-b-ware","status":"publish","type":"product","link":"https:\/\/www.eckla.de\/en\/produkt\/surfrolly-mit-sitz-luftbereift-b-ware\/","title":{"rendered":"Surfrolly mit Sitz Luftbereift B-Ware"},"content":{"rendered":"<div class=\"g-cols wpb_row via_flex valign_top type_default stacking_default\">\n<div class=\"vc_col-sm-12 wpb_column vc_column_container\">\n<div class=\"vc_column-inner\">\n<div class=\"wpb_wrapper\">\n<div class=\"wpb_text_column\">\n<div class=\"wpb_wrapper\">\n<p>Zuverl\u00e4ssiger Transportwagen in hervorragendem Design f\u00fcr Ihr Surfboard oder SUP samt Zubeh\u00f6r. Silbern eloxiertes, dickwandiges Aluminiumrohr. Dadurch trotz geringem Gewicht sehr stabil und rostfrei. Luftbereifung f\u00fcr ruhigen Lauf und schonenden Transport Ihres Surfboards.<br \/>\nWahlweise mit Gurt oder Sitztuch erh\u00e4ltlich, so wird aus dem Surfwagen ein bequemer Sitzwagen.<\/p>\n<p>&nbsp;<\/p>\n<\/div>\n<p><strong>Bei B-Ware handelt es sich um ein technisch einwandfreies Produkt! <\/strong><strong>B-Ware kann z.B. sein:\u00a0 R\u00fcckl\u00e4ufer, Vorg\u00e4ngergeneration, optischer Mangel o.\u00c4.<br \/>\n<\/strong><\/p>\n<\/div>\n<\/div>\n<\/div>\n<\/div>\n<\/div>\n<div class=\"w-separator size_small with_line width_default thick_1 style_solid color_border align_center\">\n<div class=\"w-separator-h\"><\/div>\n<\/div>\n","protected":false},"excerpt":{"rendered":"<p>Zuverl\u00e4ssiger Transportwagen in hervorragendem Design f\u00fcr Ihr Surfboard oder SUP samt Zubeh\u00f6r. Silbern eloxiertes, dickwandiges Aluminiumrohr. Dadurch trotz geringem Gewicht sehr stabil und rostfrei. Luftbereifung f\u00fcr ruhigen Lauf und schonenden Transport Ihres Surfboards. Wahlweise mit Gurt oder Sitztuch erh\u00e4ltlich, so wird aus dem Surfwagen ein bequemer Sitzwagen. &nbsp; Bei B-Ware handelt es sich um ein&#8230;<\/p>\n","protected":false},"featured_media":15153,"comment_status":"open","ping_status":"closed","template":"","meta":{"_acf_changed":false,"_links_to":"","_links_to_target":""},"product_brand":[],"product_cat":[20],"product_tag":[],"class_list":{"0":"post-17658","1":"product","2":"type-product","3":"status-publish","4":"has-post-thumbnail","6":"product_cat-unkategorisiert","8":"first","9":"outofstock","10":"sale","11":"taxable","12":"shipping-taxable","13":"purchasable","14":"product-type-simple"},"acf":[],"yoast_head":"<!-- This site is optimized with the Yoast SEO plugin v27.2 - https:\/\/yoast.com\/product\/yoast-seo-wordpress\/ -->\n<title>Surfrolly mit Sitz Luftbereift B-Ware - ECKLA\u00ae<\/title>\n<meta name=\"robots\" content=\"index, follow, max-snippet:-1, max-image-preview:large, max-video-preview:-1\" \/>\n<link rel=\"canonical\" href=\"https:\/\/www.eckla.de\/produkt\/surfrolly-mit-sitz-luftbereift-b-ware\/\" \/>\n<meta property=\"og:locale\" content=\"en_US\" \/>\n<meta property=\"og:type\" content=\"article\" \/>\n<meta property=\"og:title\" content=\"Surfrolly mit Sitz Luftbereift B-Ware - ECKLA\u00ae\" \/>\n<meta property=\"og:description\" content=\"Zuverl\u00e4ssiger Transportwagen in hervorragendem Design f\u00fcr Ihr Surfboard oder SUP samt Zubeh\u00f6r. Silbern eloxiertes, dickwandiges Aluminiumrohr. Dadurch trotz geringem Gewicht sehr stabil und rostfrei. Luftbereifung f\u00fcr ruhigen Lauf und schonenden Transport Ihres Surfboards. Wahlweise mit Gurt oder Sitztuch erh\u00e4ltlich, so wird aus dem Surfwagen ein bequemer Sitzwagen. &nbsp; Bei B-Ware handelt es sich um ein...\" \/>\n<meta property=\"og:url\" content=\"https:\/\/www.eckla.de\/produkt\/surfrolly-mit-sitz-luftbereift-b-ware\/\" \/>\n<meta property=\"og:site_name\" content=\"ECKLA\u00ae\" \/>\n<meta property=\"article:modified_time\" content=\"2025-11-04T12:38:45+00:00\" \/>\n<meta property=\"og:image\" content=\"https:\/\/www.eckla.de\/wp-content\/uploads\/2023\/11\/77520-Sitzrolly-Panne-ECKLAFIX-.jpg\" \/>\n\t<meta property=\"og:image:width\" content=\"1772\" \/>\n\t<meta property=\"og:image:height\" content=\"1223\" \/>\n\t<meta property=\"og:image:type\" content=\"image\/jpeg\" \/>\n<meta name=\"twitter:card\" content=\"summary_large_image\" \/>\n<meta name=\"twitter:label1\" content=\"Est. reading time\" \/>\n\t<meta name=\"twitter:data1\" content=\"1 minute\" \/>\n<script type=\"application\/ld+json\" class=\"yoast-schema-graph\">{\"@context\":\"https:\/\/schema.org\",\"@graph\":[{\"@type\":\"WebPage\",\"@id\":\"https:\/\/www.eckla.de\/produkt\/surfrolly-mit-sitz-luftbereift-b-ware\/\",\"url\":\"https:\/\/www.eckla.de\/produkt\/surfrolly-mit-sitz-luftbereift-b-ware\/\",\"name\":\"Surfrolly mit Sitz Luftbereift B-Ware - ECKLA\u00ae\",\"isPartOf\":{\"@id\":\"https:\/\/www.eckla.de\/#website\"},\"primaryImageOfPage\":{\"@id\":\"https:\/\/www.eckla.de\/produkt\/surfrolly-mit-sitz-luftbereift-b-ware\/#primaryimage\"},\"image\":{\"@id\":\"https:\/\/www.eckla.de\/produkt\/surfrolly-mit-sitz-luftbereift-b-ware\/#primaryimage\"},\"thumbnailUrl\":\"https:\/\/www.eckla.de\/wp-content\/uploads\/2023\/11\/77520-Sitzrolly-Panne-ECKLAFIX-.jpg\",\"datePublished\":\"2024-05-11T09:18:32+00:00\",\"dateModified\":\"2025-11-04T12:38:45+00:00\",\"breadcrumb\":{\"@id\":\"https:\/\/www.eckla.de\/produkt\/surfrolly-mit-sitz-luftbereift-b-ware\/#breadcrumb\"},\"inLanguage\":\"en-US\",\"potentialAction\":[{\"@type\":\"ReadAction\",\"target\":[\"https:\/\/www.eckla.de\/produkt\/surfrolly-mit-sitz-luftbereift-b-ware\/\"]}]},{\"@type\":\"ImageObject\",\"inLanguage\":\"en-US\",\"@id\":\"https:\/\/www.eckla.de\/produkt\/surfrolly-mit-sitz-luftbereift-b-ware\/#primaryimage\",\"url\":\"https:\/\/www.eckla.de\/wp-content\/uploads\/2023\/11\/77520-Sitzrolly-Panne-ECKLAFIX-.jpg\",\"contentUrl\":\"https:\/\/www.eckla.de\/wp-content\/uploads\/2023\/11\/77520-Sitzrolly-Panne-ECKLAFIX-.jpg\",\"width\":1772,\"height\":1223},{\"@type\":\"BreadcrumbList\",\"@id\":\"https:\/\/www.eckla.de\/produkt\/surfrolly-mit-sitz-luftbereift-b-ware\/#breadcrumb\",\"itemListElement\":[{\"@type\":\"ListItem\",\"position\":1,\"name\":\"Startseite\",\"item\":\"https:\/\/www.eckla.de\/\"},{\"@type\":\"ListItem\",\"position\":2,\"name\":\"Shop\",\"item\":\"https:\/\/www.eckla.de\/en\/shop-3\/\"},{\"@type\":\"ListItem\",\"position\":3,\"name\":\"Surfrolly mit Sitz Luftbereift B-Ware\"}]},{\"@type\":\"WebSite\",\"@id\":\"https:\/\/www.eckla.de\/#website\",\"url\":\"https:\/\/www.eckla.de\/\",\"name\":\"ECKLA\u00ae\",\"description\":\"Innovativ seit \u00fcber 40 Jahren\",\"potentialAction\":[{\"@type\":\"SearchAction\",\"target\":{\"@type\":\"EntryPoint\",\"urlTemplate\":\"https:\/\/www.eckla.de\/?s={search_term_string}\"},\"query-input\":{\"@type\":\"PropertyValueSpecification\",\"valueRequired\":true,\"valueName\":\"search_term_string\"}}],\"inLanguage\":\"en-US\"}]}<\/script>\n<!-- \/ Yoast SEO plugin. -->","yoast_head_json":{"title":"Surfrolly mit Sitz Luftbereift B-Ware - ECKLA\u00ae","robots":{"index":"index","follow":"follow","max-snippet":"max-snippet:-1","max-image-preview":"max-image-preview:large","max-video-preview":"max-video-preview:-1"},"canonical":"https:\/\/www.eckla.de\/produkt\/surfrolly-mit-sitz-luftbereift-b-ware\/","og_locale":"en_US","og_type":"article","og_title":"Surfrolly mit Sitz Luftbereift B-Ware - ECKLA\u00ae","og_description":"Zuverl\u00e4ssiger Transportwagen in hervorragendem Design f\u00fcr Ihr Surfboard oder SUP samt Zubeh\u00f6r. Silbern eloxiertes, dickwandiges Aluminiumrohr. Dadurch trotz geringem Gewicht sehr stabil und rostfrei. Luftbereifung f\u00fcr ruhigen Lauf und schonenden Transport Ihres Surfboards. Wahlweise mit Gurt oder Sitztuch erh\u00e4ltlich, so wird aus dem Surfwagen ein bequemer Sitzwagen. &nbsp; Bei B-Ware handelt es sich um ein...","og_url":"https:\/\/www.eckla.de\/produkt\/surfrolly-mit-sitz-luftbereift-b-ware\/","og_site_name":"ECKLA\u00ae","article_modified_time":"2025-11-04T12:38:45+00:00","og_image":[{"width":1772,"height":1223,"url":"https:\/\/www.eckla.de\/wp-content\/uploads\/2023\/11\/77520-Sitzrolly-Panne-ECKLAFIX-.jpg","type":"image\/jpeg"}],"twitter_card":"summary_large_image","twitter_misc":{"Est. reading time":"1 minute"},"schema":{"@context":"https:\/\/schema.org","@graph":[{"@type":"WebPage","@id":"https:\/\/www.eckla.de\/produkt\/surfrolly-mit-sitz-luftbereift-b-ware\/","url":"https:\/\/www.eckla.de\/produkt\/surfrolly-mit-sitz-luftbereift-b-ware\/","name":"Surfrolly mit Sitz Luftbereift B-Ware - ECKLA\u00ae","isPartOf":{"@id":"https:\/\/www.eckla.de\/#website"},"primaryImageOfPage":{"@id":"https:\/\/www.eckla.de\/produkt\/surfrolly-mit-sitz-luftbereift-b-ware\/#primaryimage"},"image":{"@id":"https:\/\/www.eckla.de\/produkt\/surfrolly-mit-sitz-luftbereift-b-ware\/#primaryimage"},"thumbnailUrl":"https:\/\/www.eckla.de\/wp-content\/uploads\/2023\/11\/77520-Sitzrolly-Panne-ECKLAFIX-.jpg","datePublished":"2024-05-11T09:18:32+00:00","dateModified":"2025-11-04T12:38:45+00:00","breadcrumb":{"@id":"https:\/\/www.eckla.de\/produkt\/surfrolly-mit-sitz-luftbereift-b-ware\/#breadcrumb"},"inLanguage":"en-US","potentialAction":[{"@type":"ReadAction","target":["https:\/\/www.eckla.de\/produkt\/surfrolly-mit-sitz-luftbereift-b-ware\/"]}]},{"@type":"ImageObject","inLanguage":"en-US","@id":"https:\/\/www.eckla.de\/produkt\/surfrolly-mit-sitz-luftbereift-b-ware\/#primaryimage","url":"https:\/\/www.eckla.de\/wp-content\/uploads\/2023\/11\/77520-Sitzrolly-Panne-ECKLAFIX-.jpg","contentUrl":"https:\/\/www.eckla.de\/wp-content\/uploads\/2023\/11\/77520-Sitzrolly-Panne-ECKLAFIX-.jpg","width":1772,"height":1223},{"@type":"BreadcrumbList","@id":"https:\/\/www.eckla.de\/produkt\/surfrolly-mit-sitz-luftbereift-b-ware\/#breadcrumb","itemListElement":[{"@type":"ListItem","position":1,"name":"Startseite","item":"https:\/\/www.eckla.de\/"},{"@type":"ListItem","position":2,"name":"Shop","item":"https:\/\/www.eckla.de\/en\/shop-3\/"},{"@type":"ListItem","position":3,"name":"Surfrolly mit Sitz Luftbereift B-Ware"}]},{"@type":"WebSite","@id":"https:\/\/www.eckla.de\/#website","url":"https:\/\/www.eckla.de\/","name":"ECKLA\u00ae","description":"Innovativ seit \u00fcber 40 Jahren","potentialAction":[{"@type":"SearchAction","target":{"@type":"EntryPoint","urlTemplate":"https:\/\/www.eckla.de\/?s={search_term_string}"},"query-input":{"@type":"PropertyValueSpecification","valueRequired":true,"valueName":"search_term_string"}}],"inLanguage":"en-US"}]}},"_links":{"self":[{"href":"https:\/\/www.eckla.de\/en\/wp-json\/wp\/v2\/product\/17658","targetHints":{"allow":["GET"]}}],"collection":[{"href":"https:\/\/www.eckla.de\/en\/wp-json\/wp\/v2\/product"}],"about":[{"href":"https:\/\/www.eckla.de\/en\/wp-json\/wp\/v2\/types\/product"}],"replies":[{"embeddable":true,"href":"https:\/\/www.eckla.de\/en\/wp-json\/wp\/v2\/comments?post=17658"}],"wp:featuredmedia":[{"embeddable":true,"href":"https:\/\/www.eckla.de\/en\/wp-json\/wp\/v2\/media\/15153"}],"wp:attachment":[{"href":"https:\/\/www.eckla.de\/en\/wp-json\/wp\/v2\/media?parent=17658"}],"wp:term":[{"taxonomy":"product_brand","embeddable":true,"href":"https:\/\/www.eckla.de\/en\/wp-json\/wp\/v2\/product_brand?post=17658"},{"taxonomy":"product_cat","embeddable":true,"href":"https:\/\/www.eckla.de\/en\/wp-json\/wp\/v2\/product_cat?post=17658"},{"taxonomy":"product_tag","embeddable":true,"href":"https:\/\/www.eckla.de\/en\/wp-json\/wp\/v2\/product_tag?post=17658"}],"curies":[{"name":"wp","href":"https:\/\/api.w.org\/{rel}","templated":true}]}}