{"id":18526,"date":"2024-06-29T13:58:58","date_gmt":"2024-06-29T11:58:58","guid":{"rendered":"https:\/\/www.eckla.de\/?post_type=product&#038;p=18526"},"modified":"2025-11-04T13:36:12","modified_gmt":"2025-11-04T12:36:12","slug":"ecklatrak-long-b-ware","status":"publish","type":"product","link":"https:\/\/www.eckla.de\/en\/produkt\/ecklatrak-long-b-ware\/","title":{"rendered":"ECKLATRAK\u00ae-Long B-Ware"},"content":{"rendered":"<section class=\"l-section wpb_row height_auto\"><div class=\"l-section-h i-cf\"><div class=\"g-cols vc_row via_flex valign_top type_default stacking_default\"><div class=\"vc_col-sm-12 wpb_column vc_column_container\"><div class=\"vc_column-inner\"><div class=\"wpb_wrapper\"><div class=\"g-cols wpb_row via_flex valign_top type_default stacking_default\"><div class=\"vc_col-sm-12 wpb_column vc_column_container\"><div class=\"vc_column-inner\"><div class=\"wpb_wrapper\"><div class=\"wpb_text_column\"><div class=\"wpb_wrapper\"><p>Der ECKLATRAK-LONG ist ein praktischer Handwagen mit breiten Luftr\u00e4dern f\u00fcr die ganze Familie. Als Transportwagen f\u00fcr den Einkauf, f\u00fcr Picknick und f\u00fcr Ausfl\u00fcge in die Natur kann er einiges bef\u00f6rdern, nat\u00fcrlich ist er auch zum Spielen geeignet und wurde daf\u00fcr vom <a href=\"https:\/\/www.spielgut.de\/\"><em>spiel gut Arbeitsausschu\u00df Kinderspiel + Spielzeug e.V.<\/em><\/a> ausgezeichnet.<\/p>\n<p>Der ECKLATRAK-LONG ist wendig, stabil, robust, und kann ohne Werkzeuge zusammengebaut bzw. f\u00fcr den Transport reisetauglich klein zerlegt werden. Die R\u00e4der sind einfach zu montieren und werden mit Schnellverschl\u00fcssen gesichert. Die leicht verstellbare Zugdeichsel l\u00e4sst sich in der L\u00e4nge auf Kinder und Erwachsene einstellen.<\/p>\n<p>Nutzbare Innenma\u00dfe Bodenplatte: 93&#215;40 cm<br \/>\nL\u00e4nge: 100 cm<\/p>\n<p><strong>Bei B-Ware handelt es sich um ein technisch einwandfreies Produkt! <\/strong><strong>B-Ware kann z.B. sein:\u00a0 R\u00fcckl\u00e4ufer, Vorg\u00e4ngergeneration, optischer Mangel o.\u00c4.<\/strong>\u00a0 <strong>Die Bereifung wird nach Verf\u00fcgbarkeit gew\u00e4hlt.<\/strong><\/p>\n<\/div><\/div><\/div><\/div><\/div><\/div><div class=\"w-separator size_small with_line width_default thick_1 style_solid color_border align_center\"><div class=\"w-separator-h\"><\/div><\/div><div class=\"wpb_text_column us_custom_3090c82c\"><div class=\"wpb_wrapper\"><h5>Zus\u00e4tzliche Infos:<\/h5>\n<\/div><\/div><div class=\"wpb_text_column\"><div class=\"wpb_wrapper\"><p><strong>Ma\u00dfe:<\/strong><br \/>\nR\u00e4der: 260&#215;85 mm<\/p>\n<p><strong>Tragkraft:<\/strong><br \/>\n150 kg<\/p>\n<p><strong>Farbe:<\/strong><br \/>\nStahlteile: Rot<\/p>\n<p><strong>Material (Holz):<\/strong><br \/>\nBirkensperrholz<\/p>\n<p><strong>Ma\u00dfe au\u00dfen:<\/strong><br \/>\n100 x 54 x 60 cm<\/p>\n<\/div><\/div><\/div><\/div><\/div><\/div><\/div><\/section>\n","protected":false},"excerpt":{"rendered":"Der ECKLATRAK-LONG ist ein praktischer Handwagen mit breiten Luftr\u00e4dern f\u00fcr die ganze Familie. Als Transportwagen f\u00fcr den Einkauf, f\u00fcr Picknick und f\u00fcr Ausfl\u00fcge in die Natur kann er einiges bef\u00f6rdern, nat\u00fcrlich ist er auch zum Spielen geeignet und wurde daf\u00fcr vom spiel gut Arbeitsausschu\u00df Kinderspiel + Spielzeug e.V. ausgezeichnet. Der ECKLATRAK-LONG ist wendig, stabil, robust,...","protected":false},"featured_media":15715,"comment_status":"open","ping_status":"closed","template":"","meta":{"_acf_changed":false,"_links_to":"","_links_to_target":""},"product_brand":[],"product_cat":[20],"product_tag":[],"class_list":{"0":"post-18526","1":"product","2":"type-product","3":"status-publish","4":"has-post-thumbnail","6":"product_cat-unkategorisiert","8":"first","9":"outofstock","10":"sale","11":"taxable","12":"shipping-taxable","13":"purchasable","14":"product-type-simple"},"acf":[],"yoast_head":"<!-- This site is optimized with the Yoast SEO plugin v27.2 - https:\/\/yoast.com\/product\/yoast-seo-wordpress\/ -->\n<title>ECKLATRAK\u00ae-Long B-Ware - ECKLA\u00ae<\/title>\n<meta name=\"robots\" content=\"index, follow, max-snippet:-1, max-image-preview:large, max-video-preview:-1\" \/>\n<link rel=\"canonical\" href=\"https:\/\/www.eckla.de\/produkt\/ecklatrak-long-b-ware\/\" \/>\n<meta property=\"og:locale\" content=\"en_US\" \/>\n<meta property=\"og:type\" content=\"article\" \/>\n<meta property=\"og:title\" content=\"ECKLATRAK\u00ae-Long B-Ware - ECKLA\u00ae\" \/>\n<meta property=\"og:url\" content=\"https:\/\/www.eckla.de\/produkt\/ecklatrak-long-b-ware\/\" \/>\n<meta property=\"og:site_name\" content=\"ECKLA\u00ae\" \/>\n<meta property=\"article:modified_time\" content=\"2025-11-04T12:36:12+00:00\" \/>\n<meta property=\"og:image\" content=\"https:\/\/www.eckla.de\/wp-content\/uploads\/2023\/11\/ECKLA-Long-Trailer-77900-nR-Luft-ECKLAFIX-1-scaled-scaled.jpg\" \/>\n\t<meta property=\"og:image:width\" content=\"1940\" \/>\n\t<meta property=\"og:image:height\" content=\"1940\" \/>\n\t<meta property=\"og:image:type\" content=\"image\/jpeg\" \/>\n<meta name=\"twitter:card\" content=\"summary_large_image\" \/>\n<meta name=\"twitter:label1\" content=\"Est. reading time\" \/>\n\t<meta name=\"twitter:data1\" content=\"2 minutes\" \/>\n<script type=\"application\/ld+json\" class=\"yoast-schema-graph\">{\"@context\":\"https:\/\/schema.org\",\"@graph\":[{\"@type\":\"WebPage\",\"@id\":\"https:\/\/www.eckla.de\/produkt\/ecklatrak-long-b-ware\/\",\"url\":\"https:\/\/www.eckla.de\/produkt\/ecklatrak-long-b-ware\/\",\"name\":\"ECKLATRAK\u00ae-Long B-Ware - ECKLA\u00ae\",\"isPartOf\":{\"@id\":\"https:\/\/www.eckla.de\/#website\"},\"primaryImageOfPage\":{\"@id\":\"https:\/\/www.eckla.de\/produkt\/ecklatrak-long-b-ware\/#primaryimage\"},\"image\":{\"@id\":\"https:\/\/www.eckla.de\/produkt\/ecklatrak-long-b-ware\/#primaryimage\"},\"thumbnailUrl\":\"https:\/\/www.eckla.de\/wp-content\/uploads\/2023\/11\/ECKLA-Long-Trailer-77900-nR-Luft-ECKLAFIX-1-scaled-scaled.jpg\",\"datePublished\":\"2024-06-29T11:58:58+00:00\",\"dateModified\":\"2025-11-04T12:36:12+00:00\",\"breadcrumb\":{\"@id\":\"https:\/\/www.eckla.de\/produkt\/ecklatrak-long-b-ware\/#breadcrumb\"},\"inLanguage\":\"en-US\",\"potentialAction\":[{\"@type\":\"ReadAction\",\"target\":[\"https:\/\/www.eckla.de\/produkt\/ecklatrak-long-b-ware\/\"]}]},{\"@type\":\"ImageObject\",\"inLanguage\":\"en-US\",\"@id\":\"https:\/\/www.eckla.de\/produkt\/ecklatrak-long-b-ware\/#primaryimage\",\"url\":\"https:\/\/www.eckla.de\/wp-content\/uploads\/2023\/11\/ECKLA-Long-Trailer-77900-nR-Luft-ECKLAFIX-1-scaled-scaled.jpg\",\"contentUrl\":\"https:\/\/www.eckla.de\/wp-content\/uploads\/2023\/11\/ECKLA-Long-Trailer-77900-nR-Luft-ECKLAFIX-1-scaled-scaled.jpg\",\"width\":1940,\"height\":1940,\"caption\":\"Bollerwagen Long-Trailer, Holz, Gestell,Zugstange und Felgendeckel rot, schwarze Grimmgummi, Ecklafix\"},{\"@type\":\"BreadcrumbList\",\"@id\":\"https:\/\/www.eckla.de\/produkt\/ecklatrak-long-b-ware\/#breadcrumb\",\"itemListElement\":[{\"@type\":\"ListItem\",\"position\":1,\"name\":\"Startseite\",\"item\":\"https:\/\/www.eckla.de\/\"},{\"@type\":\"ListItem\",\"position\":2,\"name\":\"Shop\",\"item\":\"https:\/\/www.eckla.de\/en\/shop-3\/\"},{\"@type\":\"ListItem\",\"position\":3,\"name\":\"ECKLATRAK\u00ae-Long B-Ware\"}]},{\"@type\":\"WebSite\",\"@id\":\"https:\/\/www.eckla.de\/#website\",\"url\":\"https:\/\/www.eckla.de\/\",\"name\":\"ECKLA\u00ae\",\"description\":\"Innovativ seit \u00fcber 40 Jahren\",\"potentialAction\":[{\"@type\":\"SearchAction\",\"target\":{\"@type\":\"EntryPoint\",\"urlTemplate\":\"https:\/\/www.eckla.de\/?s={search_term_string}\"},\"query-input\":{\"@type\":\"PropertyValueSpecification\",\"valueRequired\":true,\"valueName\":\"search_term_string\"}}],\"inLanguage\":\"en-US\"}]}<\/script>\n<!-- \/ Yoast SEO plugin. -->","yoast_head_json":{"title":"ECKLATRAK\u00ae-Long B-Ware - ECKLA\u00ae","robots":{"index":"index","follow":"follow","max-snippet":"max-snippet:-1","max-image-preview":"max-image-preview:large","max-video-preview":"max-video-preview:-1"},"canonical":"https:\/\/www.eckla.de\/produkt\/ecklatrak-long-b-ware\/","og_locale":"en_US","og_type":"article","og_title":"ECKLATRAK\u00ae-Long B-Ware - ECKLA\u00ae","og_url":"https:\/\/www.eckla.de\/produkt\/ecklatrak-long-b-ware\/","og_site_name":"ECKLA\u00ae","article_modified_time":"2025-11-04T12:36:12+00:00","og_image":[{"width":1940,"height":1940,"url":"https:\/\/www.eckla.de\/wp-content\/uploads\/2023\/11\/ECKLA-Long-Trailer-77900-nR-Luft-ECKLAFIX-1-scaled-scaled.jpg","type":"image\/jpeg"}],"twitter_card":"summary_large_image","twitter_misc":{"Est. reading time":"2 minutes"},"schema":{"@context":"https:\/\/schema.org","@graph":[{"@type":"WebPage","@id":"https:\/\/www.eckla.de\/produkt\/ecklatrak-long-b-ware\/","url":"https:\/\/www.eckla.de\/produkt\/ecklatrak-long-b-ware\/","name":"ECKLATRAK\u00ae-Long B-Ware - ECKLA\u00ae","isPartOf":{"@id":"https:\/\/www.eckla.de\/#website"},"primaryImageOfPage":{"@id":"https:\/\/www.eckla.de\/produkt\/ecklatrak-long-b-ware\/#primaryimage"},"image":{"@id":"https:\/\/www.eckla.de\/produkt\/ecklatrak-long-b-ware\/#primaryimage"},"thumbnailUrl":"https:\/\/www.eckla.de\/wp-content\/uploads\/2023\/11\/ECKLA-Long-Trailer-77900-nR-Luft-ECKLAFIX-1-scaled-scaled.jpg","datePublished":"2024-06-29T11:58:58+00:00","dateModified":"2025-11-04T12:36:12+00:00","breadcrumb":{"@id":"https:\/\/www.eckla.de\/produkt\/ecklatrak-long-b-ware\/#breadcrumb"},"inLanguage":"en-US","potentialAction":[{"@type":"ReadAction","target":["https:\/\/www.eckla.de\/produkt\/ecklatrak-long-b-ware\/"]}]},{"@type":"ImageObject","inLanguage":"en-US","@id":"https:\/\/www.eckla.de\/produkt\/ecklatrak-long-b-ware\/#primaryimage","url":"https:\/\/www.eckla.de\/wp-content\/uploads\/2023\/11\/ECKLA-Long-Trailer-77900-nR-Luft-ECKLAFIX-1-scaled-scaled.jpg","contentUrl":"https:\/\/www.eckla.de\/wp-content\/uploads\/2023\/11\/ECKLA-Long-Trailer-77900-nR-Luft-ECKLAFIX-1-scaled-scaled.jpg","width":1940,"height":1940,"caption":"Bollerwagen Long-Trailer, Holz, Gestell,Zugstange und Felgendeckel rot, schwarze Grimmgummi, Ecklafix"},{"@type":"BreadcrumbList","@id":"https:\/\/www.eckla.de\/produkt\/ecklatrak-long-b-ware\/#breadcrumb","itemListElement":[{"@type":"ListItem","position":1,"name":"Startseite","item":"https:\/\/www.eckla.de\/"},{"@type":"ListItem","position":2,"name":"Shop","item":"https:\/\/www.eckla.de\/en\/shop-3\/"},{"@type":"ListItem","position":3,"name":"ECKLATRAK\u00ae-Long B-Ware"}]},{"@type":"WebSite","@id":"https:\/\/www.eckla.de\/#website","url":"https:\/\/www.eckla.de\/","name":"ECKLA\u00ae","description":"Innovativ seit \u00fcber 40 Jahren","potentialAction":[{"@type":"SearchAction","target":{"@type":"EntryPoint","urlTemplate":"https:\/\/www.eckla.de\/?s={search_term_string}"},"query-input":{"@type":"PropertyValueSpecification","valueRequired":true,"valueName":"search_term_string"}}],"inLanguage":"en-US"}]}},"_links":{"self":[{"href":"https:\/\/www.eckla.de\/en\/wp-json\/wp\/v2\/product\/18526","targetHints":{"allow":["GET"]}}],"collection":[{"href":"https:\/\/www.eckla.de\/en\/wp-json\/wp\/v2\/product"}],"about":[{"href":"https:\/\/www.eckla.de\/en\/wp-json\/wp\/v2\/types\/product"}],"replies":[{"embeddable":true,"href":"https:\/\/www.eckla.de\/en\/wp-json\/wp\/v2\/comments?post=18526"}],"wp:featuredmedia":[{"embeddable":true,"href":"https:\/\/www.eckla.de\/en\/wp-json\/wp\/v2\/media\/15715"}],"wp:attachment":[{"href":"https:\/\/www.eckla.de\/en\/wp-json\/wp\/v2\/media?parent=18526"}],"wp:term":[{"taxonomy":"product_brand","embeddable":true,"href":"https:\/\/www.eckla.de\/en\/wp-json\/wp\/v2\/product_brand?post=18526"},{"taxonomy":"product_cat","embeddable":true,"href":"https:\/\/www.eckla.de\/en\/wp-json\/wp\/v2\/product_cat?post=18526"},{"taxonomy":"product_tag","embeddable":true,"href":"https:\/\/www.eckla.de\/en\/wp-json\/wp\/v2\/product_tag?post=18526"}],"curies":[{"name":"wp","href":"https:\/\/api.w.org\/{rel}","templated":true}]}}