{"id":18676,"date":"2024-07-11T12:04:13","date_gmt":"2024-07-11T10:04:13","guid":{"rendered":"https:\/\/www.eckla.de\/?post_type=product&#038;p=18676"},"modified":"2024-12-14T12:09:05","modified_gmt":"2024-12-14T11:09:05","slug":"eckla-atlantic-sea-kayak-cart-kopie","status":"publish","type":"product","link":"https:\/\/www.eckla.de\/en\/produkt\/eckla-atlantic-sea-kayak-cart-kopie\/","title":{"rendered":"Eckla Atlantic 200 Seekajak-Wagen B-Ware"},"content":{"rendered":"<section class=\"l-section wpb_row height_auto\"><div class=\"l-section-h i-cf\"><div class=\"g-cols vc_row via_flex valign_top type_default stacking_default\"><div class=\"vc_col-sm-12 wpb_column vc_column_container\"><div class=\"vc_column-inner\"><div class=\"wpb_wrapper\"><div class=\"g-cols wpb_row via_flex valign_top type_default stacking_default\"><div class=\"vc_col-sm-12 wpb_column vc_column_container\"><div class=\"vc_column-inner\"><div class=\"wpb_wrapper\"><div class=\"wpb_text_column\"><div class=\"wpb_wrapper\"><p>Specially developed for transporting sea kayaks on land. The sturdy design consists of a high-quality anodized aluminum construction and is therefore seawater-resistant. Foldable, with easily removable wheels. It can therefore be easily taken anywhere and saves space. Thanks to its small dimensions, it even fits into storage hatches with a diameter of only 190 mm.<\/p>\n<p><strong>Bei B-Ware handelt es sich um ein technisch einwandfreies Produkt! <\/strong><strong>B-Ware kann z.B. sein: R\u00fcckl\u00e4ufer, Vorg\u00e4ngergeneration, optischer Mangel o.\u00c4.<\/strong> <strong>Die Bereifung wird nach Verf\u00fcgbarkeit gew\u00e4hlt.<\/strong><\/p>\n<\/div><\/div><\/div><\/div><\/div><\/div><div class=\"w-separator size_small with_line width_default thick_1 style_solid color_border align_center\"><div class=\"w-separator-h\"><\/div><\/div><div class=\"wpb_text_column us_custom_3090c82c\"><div class=\"wpb_wrapper\"><h5>Additional information:<\/h5>\n<\/div><\/div><div class=\"wpb_text_column\"><div class=\"wpb_wrapper\"><p><strong>Tragf\u00e4higkeit <\/strong><br \/>\nmax. 40 kg<\/p>\n<p><strong>Material<\/strong><br \/>\nsilber eloxiert oder wei\u00df pulverbeschichtet<\/p>\n<p><strong>Ma\u00dfe<\/strong><br \/>\n53 x 27 x 29cm<\/p>\n<p><strong>Gewicht<\/strong><br \/>\n2,6kg<\/p>\n<p>&nbsp;<\/p>\n<p>Air wheels with hose and car valve<\/p>\n<\/div><\/div><\/div><\/div><\/div><\/div><\/div><\/section>\n","protected":false},"excerpt":{"rendered":"<p>Eckla Atlantic sea kayak cart<\/p>\n","protected":false},"featured_media":16768,"comment_status":"open","ping_status":"closed","template":"","meta":{"_acf_changed":false,"_links_to":"","_links_to_target":""},"product_brand":[],"product_cat":[174],"product_tag":[],"class_list":{"0":"post-18676","1":"product","2":"type-product","3":"status-publish","4":"has-post-thumbnail","6":"product_cat-unkategorisiert-en","8":"first","9":"outofstock","10":"sale","11":"taxable","12":"shipping-taxable","13":"purchasable","14":"product-type-simple"},"acf":[],"yoast_head":"<!-- This site is optimized with the Yoast SEO plugin v27.2 - https:\/\/yoast.com\/product\/yoast-seo-wordpress\/ -->\n<title>Eckla Atlantic 200 Seekajak-Wagen B-Ware - ECKLA\u00ae<\/title>\n<meta name=\"description\" content=\"Eckla Atlantic 200 Seekajak-Wagen B-Ware\" \/>\n<meta name=\"robots\" content=\"index, follow, max-snippet:-1, max-image-preview:large, max-video-preview:-1\" \/>\n<link rel=\"canonical\" href=\"https:\/\/www.eckla.de\/en\/produkt\/eckla-atlantic-sea-kayak-cart-kopie\/\" \/>\n<meta property=\"og:locale\" content=\"en_US\" \/>\n<meta property=\"og:type\" content=\"article\" \/>\n<meta property=\"og:title\" content=\"Eckla Atlantic 200 Seekajak-Wagen B-Ware - ECKLA\u00ae\" \/>\n<meta property=\"og:description\" content=\"Eckla Atlantic 200 Seekajak-Wagen B-Ware\" \/>\n<meta property=\"og:url\" content=\"https:\/\/www.eckla.de\/en\/produkt\/eckla-atlantic-sea-kayak-cart-kopie\/\" \/>\n<meta property=\"og:site_name\" content=\"ECKLA\u00ae\" \/>\n<meta property=\"article:modified_time\" content=\"2024-12-14T11:09:05+00:00\" \/>\n<meta property=\"og:image\" content=\"https:\/\/www.eckla.de\/wp-content\/uploads\/2023\/11\/79923-Atlantic-weiss-1-1.jpg\" \/>\n\t<meta property=\"og:image:width\" content=\"1496\" \/>\n\t<meta property=\"og:image:height\" content=\"1500\" \/>\n\t<meta property=\"og:image:type\" content=\"image\/jpeg\" \/>\n<meta name=\"twitter:card\" content=\"summary_large_image\" \/>\n<meta name=\"twitter:label1\" content=\"Est. reading time\" \/>\n\t<meta name=\"twitter:data1\" content=\"1 minute\" \/>\n<script type=\"application\/ld+json\" class=\"yoast-schema-graph\">{\"@context\":\"https:\/\/schema.org\",\"@graph\":[{\"@type\":\"WebPage\",\"@id\":\"https:\/\/www.eckla.de\/en\/produkt\/eckla-atlantic-sea-kayak-cart-kopie\/\",\"url\":\"https:\/\/www.eckla.de\/en\/produkt\/eckla-atlantic-sea-kayak-cart-kopie\/\",\"name\":\"Eckla Atlantic 200 Seekajak-Wagen B-Ware - ECKLA\u00ae\",\"isPartOf\":{\"@id\":\"https:\/\/www.eckla.de\/#website\"},\"primaryImageOfPage\":{\"@id\":\"https:\/\/www.eckla.de\/en\/produkt\/eckla-atlantic-sea-kayak-cart-kopie\/#primaryimage\"},\"image\":{\"@id\":\"https:\/\/www.eckla.de\/en\/produkt\/eckla-atlantic-sea-kayak-cart-kopie\/#primaryimage\"},\"thumbnailUrl\":\"https:\/\/www.eckla.de\/wp-content\/uploads\/2023\/11\/79923-Atlantic-weiss-1-1.jpg\",\"datePublished\":\"2024-07-11T10:04:13+00:00\",\"dateModified\":\"2024-12-14T11:09:05+00:00\",\"description\":\"Eckla Atlantic 200 Seekajak-Wagen B-Ware\",\"breadcrumb\":{\"@id\":\"https:\/\/www.eckla.de\/en\/produkt\/eckla-atlantic-sea-kayak-cart-kopie\/#breadcrumb\"},\"inLanguage\":\"en-US\",\"potentialAction\":[{\"@type\":\"ReadAction\",\"target\":[\"https:\/\/www.eckla.de\/en\/produkt\/eckla-atlantic-sea-kayak-cart-kopie\/\"]}]},{\"@type\":\"ImageObject\",\"inLanguage\":\"en-US\",\"@id\":\"https:\/\/www.eckla.de\/en\/produkt\/eckla-atlantic-sea-kayak-cart-kopie\/#primaryimage\",\"url\":\"https:\/\/www.eckla.de\/wp-content\/uploads\/2023\/11\/79923-Atlantic-weiss-1-1.jpg\",\"contentUrl\":\"https:\/\/www.eckla.de\/wp-content\/uploads\/2023\/11\/79923-Atlantic-weiss-1-1.jpg\",\"width\":1496,\"height\":1500,\"caption\":\"Bootswagen ECKLA-Atlantic, colored, wei\u00df, 200er R\u00e4der, pannensicher mit Klappsplint\"},{\"@type\":\"BreadcrumbList\",\"@id\":\"https:\/\/www.eckla.de\/en\/produkt\/eckla-atlantic-sea-kayak-cart-kopie\/#breadcrumb\",\"itemListElement\":[{\"@type\":\"ListItem\",\"position\":1,\"name\":\"Startseite\",\"item\":\"https:\/\/www.eckla.de\/\"},{\"@type\":\"ListItem\",\"position\":2,\"name\":\"Shop\",\"item\":\"https:\/\/www.eckla.de\/en\/shop-3\/\"},{\"@type\":\"ListItem\",\"position\":3,\"name\":\"Eckla Atlantic 200 Seekajak-Wagen B-Ware\"}]},{\"@type\":\"WebSite\",\"@id\":\"https:\/\/www.eckla.de\/#website\",\"url\":\"https:\/\/www.eckla.de\/\",\"name\":\"ECKLA\u00ae\",\"description\":\"Innovativ seit \u00fcber 40 Jahren\",\"potentialAction\":[{\"@type\":\"SearchAction\",\"target\":{\"@type\":\"EntryPoint\",\"urlTemplate\":\"https:\/\/www.eckla.de\/?s={search_term_string}\"},\"query-input\":{\"@type\":\"PropertyValueSpecification\",\"valueRequired\":true,\"valueName\":\"search_term_string\"}}],\"inLanguage\":\"en-US\"}]}<\/script>\n<!-- \/ Yoast SEO plugin. -->","yoast_head_json":{"title":"Eckla Atlantic 200 Seekajak-Wagen B-Ware - ECKLA\u00ae","description":"Eckla Atlantic 200 Seekajak-Wagen B-Ware","robots":{"index":"index","follow":"follow","max-snippet":"max-snippet:-1","max-image-preview":"max-image-preview:large","max-video-preview":"max-video-preview:-1"},"canonical":"https:\/\/www.eckla.de\/en\/produkt\/eckla-atlantic-sea-kayak-cart-kopie\/","og_locale":"en_US","og_type":"article","og_title":"Eckla Atlantic 200 Seekajak-Wagen B-Ware - ECKLA\u00ae","og_description":"Eckla Atlantic 200 Seekajak-Wagen B-Ware","og_url":"https:\/\/www.eckla.de\/en\/produkt\/eckla-atlantic-sea-kayak-cart-kopie\/","og_site_name":"ECKLA\u00ae","article_modified_time":"2024-12-14T11:09:05+00:00","og_image":[{"width":1496,"height":1500,"url":"https:\/\/www.eckla.de\/wp-content\/uploads\/2023\/11\/79923-Atlantic-weiss-1-1.jpg","type":"image\/jpeg"}],"twitter_card":"summary_large_image","twitter_misc":{"Est. reading time":"1 minute"},"schema":{"@context":"https:\/\/schema.org","@graph":[{"@type":"WebPage","@id":"https:\/\/www.eckla.de\/en\/produkt\/eckla-atlantic-sea-kayak-cart-kopie\/","url":"https:\/\/www.eckla.de\/en\/produkt\/eckla-atlantic-sea-kayak-cart-kopie\/","name":"Eckla Atlantic 200 Seekajak-Wagen B-Ware - ECKLA\u00ae","isPartOf":{"@id":"https:\/\/www.eckla.de\/#website"},"primaryImageOfPage":{"@id":"https:\/\/www.eckla.de\/en\/produkt\/eckla-atlantic-sea-kayak-cart-kopie\/#primaryimage"},"image":{"@id":"https:\/\/www.eckla.de\/en\/produkt\/eckla-atlantic-sea-kayak-cart-kopie\/#primaryimage"},"thumbnailUrl":"https:\/\/www.eckla.de\/wp-content\/uploads\/2023\/11\/79923-Atlantic-weiss-1-1.jpg","datePublished":"2024-07-11T10:04:13+00:00","dateModified":"2024-12-14T11:09:05+00:00","description":"Eckla Atlantic 200 Seekajak-Wagen B-Ware","breadcrumb":{"@id":"https:\/\/www.eckla.de\/en\/produkt\/eckla-atlantic-sea-kayak-cart-kopie\/#breadcrumb"},"inLanguage":"en-US","potentialAction":[{"@type":"ReadAction","target":["https:\/\/www.eckla.de\/en\/produkt\/eckla-atlantic-sea-kayak-cart-kopie\/"]}]},{"@type":"ImageObject","inLanguage":"en-US","@id":"https:\/\/www.eckla.de\/en\/produkt\/eckla-atlantic-sea-kayak-cart-kopie\/#primaryimage","url":"https:\/\/www.eckla.de\/wp-content\/uploads\/2023\/11\/79923-Atlantic-weiss-1-1.jpg","contentUrl":"https:\/\/www.eckla.de\/wp-content\/uploads\/2023\/11\/79923-Atlantic-weiss-1-1.jpg","width":1496,"height":1500,"caption":"Bootswagen ECKLA-Atlantic, colored, wei\u00df, 200er R\u00e4der, pannensicher mit Klappsplint"},{"@type":"BreadcrumbList","@id":"https:\/\/www.eckla.de\/en\/produkt\/eckla-atlantic-sea-kayak-cart-kopie\/#breadcrumb","itemListElement":[{"@type":"ListItem","position":1,"name":"Startseite","item":"https:\/\/www.eckla.de\/"},{"@type":"ListItem","position":2,"name":"Shop","item":"https:\/\/www.eckla.de\/en\/shop-3\/"},{"@type":"ListItem","position":3,"name":"Eckla Atlantic 200 Seekajak-Wagen B-Ware"}]},{"@type":"WebSite","@id":"https:\/\/www.eckla.de\/#website","url":"https:\/\/www.eckla.de\/","name":"ECKLA\u00ae","description":"Innovativ seit \u00fcber 40 Jahren","potentialAction":[{"@type":"SearchAction","target":{"@type":"EntryPoint","urlTemplate":"https:\/\/www.eckla.de\/?s={search_term_string}"},"query-input":{"@type":"PropertyValueSpecification","valueRequired":true,"valueName":"search_term_string"}}],"inLanguage":"en-US"}]}},"_links":{"self":[{"href":"https:\/\/www.eckla.de\/en\/wp-json\/wp\/v2\/product\/18676","targetHints":{"allow":["GET"]}}],"collection":[{"href":"https:\/\/www.eckla.de\/en\/wp-json\/wp\/v2\/product"}],"about":[{"href":"https:\/\/www.eckla.de\/en\/wp-json\/wp\/v2\/types\/product"}],"replies":[{"embeddable":true,"href":"https:\/\/www.eckla.de\/en\/wp-json\/wp\/v2\/comments?post=18676"}],"wp:featuredmedia":[{"embeddable":true,"href":"https:\/\/www.eckla.de\/en\/wp-json\/wp\/v2\/media\/16768"}],"wp:attachment":[{"href":"https:\/\/www.eckla.de\/en\/wp-json\/wp\/v2\/media?parent=18676"}],"wp:term":[{"taxonomy":"product_brand","embeddable":true,"href":"https:\/\/www.eckla.de\/en\/wp-json\/wp\/v2\/product_brand?post=18676"},{"taxonomy":"product_cat","embeddable":true,"href":"https:\/\/www.eckla.de\/en\/wp-json\/wp\/v2\/product_cat?post=18676"},{"taxonomy":"product_tag","embeddable":true,"href":"https:\/\/www.eckla.de\/en\/wp-json\/wp\/v2\/product_tag?post=18676"}],"curies":[{"name":"wp","href":"https:\/\/api.w.org\/{rel}","templated":true}]}}