{"id":20223,"date":"2025-02-17T11:45:53","date_gmt":"2025-02-17T10:45:53","guid":{"rendered":"https:\/\/www.eckla.de\/?post_type=product&#038;p=20223"},"modified":"2025-11-04T13:24:53","modified_gmt":"2025-11-04T12:24:53","slug":"eckla-rafty-400-schlauchbootwagen-b-ware","status":"publish","type":"product","link":"https:\/\/www.eckla.de\/en\/produkt\/eckla-rafty-400-schlauchbootwagen-b-ware\/","title":{"rendered":"Eckla-Rafty 400 Schlauchbootwagen B-Ware"},"content":{"rendered":"<p><span>Der Bootswagen zum bequemen Transport f\u00fcr Schlauchboote, Canadier und \u00e4hnlich gro\u00dfe Boote.<\/span><br \/>\n<span>Das Boot liegt schonend auf weichen Gummiauflagen. Der Rahmen besteht aus stabilem nichtrostenden Aluminium. Die gro\u00dfen und breiten R\u00e4der verhindern ein Einsinken im Sand. Die luftbereiften R\u00e4der lassen sich mittels Klappsplinten leicht abnehmen und sorgen f\u00fcr einen ruhigen Lauf. Die praktische St\u00fctze h\u00e4lt den Wagen in der Waagerechten f\u00fcr die sichere Be- und Entladung.<\/span><br \/>\n<span>Zusammengeklappt braucht der Eckla-Rafty nur wenig Platz im Boot.<\/span><\/p>\n<p><strong>Bei B-Ware handelt es sich um ein technisch einwandfreies Produkt!<span>\u00a0<\/span><\/strong><strong>B-Ware kann z.B. sein:\u00a0 R\u00fcckl\u00e4ufer, Vorg\u00e4ngergeneration, optischer Mangel o.\u00c4.<\/strong><span>\u00a0\u00a0<\/span><strong>Die Bereifung wird nach Verf\u00fcgbarkeit gew\u00e4hlt.<\/strong><\/p>\n","protected":false},"excerpt":{"rendered":"<p>Der Bootswagen zum bequemen Transport f\u00fcr Schlauchboote, Canadier und \u00e4hnlich gro\u00dfe Boote. Das Boot liegt schonend auf weichen Gummiauflagen. Der Rahmen besteht aus stabilem nichtrostenden Aluminium. Die gro\u00dfen und breiten R\u00e4der verhindern ein Einsinken im Sand. Die luftbereiften R\u00e4der lassen sich mittels Klappsplinten leicht abnehmen und sorgen f\u00fcr einen ruhigen Lauf. Die praktische St\u00fctze h\u00e4lt&#8230;<\/p>\n","protected":false},"featured_media":16497,"comment_status":"open","ping_status":"closed","template":"","meta":{"_acf_changed":false,"_links_to":"","_links_to_target":""},"product_brand":[],"product_cat":[174],"product_tag":[],"class_list":{"0":"post-20223","1":"product","2":"type-product","3":"status-publish","4":"has-post-thumbnail","6":"product_cat-unkategorisiert-en","8":"first","9":"outofstock","10":"sale","11":"taxable","12":"shipping-taxable","13":"purchasable","14":"product-type-simple"},"acf":[],"yoast_head":"<!-- This site is optimized with the Yoast SEO plugin v27.2 - https:\/\/yoast.com\/product\/yoast-seo-wordpress\/ -->\n<title>Eckla-Rafty 400 Schlauchbootwagen B-Ware - ECKLA\u00ae<\/title>\n<meta name=\"robots\" content=\"index, follow, max-snippet:-1, max-image-preview:large, max-video-preview:-1\" \/>\n<link rel=\"canonical\" href=\"https:\/\/www.eckla.de\/en\/produkt\/eckla-rafty-400-schlauchbootwagen-b-ware\/\" \/>\n<meta property=\"og:locale\" content=\"en_US\" \/>\n<meta property=\"og:type\" content=\"article\" \/>\n<meta property=\"og:title\" content=\"Eckla-Rafty 400 Schlauchbootwagen B-Ware - ECKLA\u00ae\" \/>\n<meta property=\"og:description\" content=\"Der Bootswagen zum bequemen Transport f\u00fcr Schlauchboote, Canadier und \u00e4hnlich gro\u00dfe Boote. Das Boot liegt schonend auf weichen Gummiauflagen. Der Rahmen besteht aus stabilem nichtrostenden Aluminium. Die gro\u00dfen und breiten R\u00e4der verhindern ein Einsinken im Sand. Die luftbereiften R\u00e4der lassen sich mittels Klappsplinten leicht abnehmen und sorgen f\u00fcr einen ruhigen Lauf. Die praktische St\u00fctze h\u00e4lt...\" \/>\n<meta property=\"og:url\" content=\"https:\/\/www.eckla.de\/en\/produkt\/eckla-rafty-400-schlauchbootwagen-b-ware\/\" \/>\n<meta property=\"og:site_name\" content=\"ECKLA\u00ae\" \/>\n<meta property=\"article:modified_time\" content=\"2025-11-04T12:24:53+00:00\" \/>\n<meta property=\"og:image\" content=\"https:\/\/www.eckla.de\/wp-content\/uploads\/2023\/11\/78981-ECKLA-RAFTY-400-pannensicher-scaled-scaled.jpg\" \/>\n\t<meta property=\"og:image:width\" content=\"1940\" \/>\n\t<meta property=\"og:image:height\" content=\"1682\" \/>\n\t<meta property=\"og:image:type\" content=\"image\/jpeg\" \/>\n<meta name=\"twitter:card\" content=\"summary_large_image\" \/>\n<meta name=\"twitter:label1\" content=\"Est. reading time\" \/>\n\t<meta name=\"twitter:data1\" content=\"1 minute\" \/>\n<script type=\"application\/ld+json\" class=\"yoast-schema-graph\">{\"@context\":\"https:\/\/schema.org\",\"@graph\":[{\"@type\":\"WebPage\",\"@id\":\"https:\/\/www.eckla.de\/en\/produkt\/eckla-rafty-400-schlauchbootwagen-b-ware\/\",\"url\":\"https:\/\/www.eckla.de\/en\/produkt\/eckla-rafty-400-schlauchbootwagen-b-ware\/\",\"name\":\"Eckla-Rafty 400 Schlauchbootwagen B-Ware - ECKLA\u00ae\",\"isPartOf\":{\"@id\":\"https:\/\/www.eckla.de\/#website\"},\"primaryImageOfPage\":{\"@id\":\"https:\/\/www.eckla.de\/en\/produkt\/eckla-rafty-400-schlauchbootwagen-b-ware\/#primaryimage\"},\"image\":{\"@id\":\"https:\/\/www.eckla.de\/en\/produkt\/eckla-rafty-400-schlauchbootwagen-b-ware\/#primaryimage\"},\"thumbnailUrl\":\"https:\/\/www.eckla.de\/wp-content\/uploads\/2023\/11\/78981-ECKLA-RAFTY-400-pannensicher-scaled-scaled.jpg\",\"datePublished\":\"2025-02-17T10:45:53+00:00\",\"dateModified\":\"2025-11-04T12:24:53+00:00\",\"breadcrumb\":{\"@id\":\"https:\/\/www.eckla.de\/en\/produkt\/eckla-rafty-400-schlauchbootwagen-b-ware\/#breadcrumb\"},\"inLanguage\":\"en-US\",\"potentialAction\":[{\"@type\":\"ReadAction\",\"target\":[\"https:\/\/www.eckla.de\/en\/produkt\/eckla-rafty-400-schlauchbootwagen-b-ware\/\"]}]},{\"@type\":\"ImageObject\",\"inLanguage\":\"en-US\",\"@id\":\"https:\/\/www.eckla.de\/en\/produkt\/eckla-rafty-400-schlauchbootwagen-b-ware\/#primaryimage\",\"url\":\"https:\/\/www.eckla.de\/wp-content\/uploads\/2023\/11\/78981-ECKLA-RAFTY-400-pannensicher-scaled-scaled.jpg\",\"contentUrl\":\"https:\/\/www.eckla.de\/wp-content\/uploads\/2023\/11\/78981-ECKLA-RAFTY-400-pannensicher-scaled-scaled.jpg\",\"width\":1940,\"height\":1682},{\"@type\":\"BreadcrumbList\",\"@id\":\"https:\/\/www.eckla.de\/en\/produkt\/eckla-rafty-400-schlauchbootwagen-b-ware\/#breadcrumb\",\"itemListElement\":[{\"@type\":\"ListItem\",\"position\":1,\"name\":\"Startseite\",\"item\":\"https:\/\/www.eckla.de\/\"},{\"@type\":\"ListItem\",\"position\":2,\"name\":\"Shop\",\"item\":\"https:\/\/www.eckla.de\/en\/shop-3\/\"},{\"@type\":\"ListItem\",\"position\":3,\"name\":\"Eckla-Rafty 400 Schlauchbootwagen B-Ware\"}]},{\"@type\":\"WebSite\",\"@id\":\"https:\/\/www.eckla.de\/#website\",\"url\":\"https:\/\/www.eckla.de\/\",\"name\":\"ECKLA\u00ae\",\"description\":\"Innovativ seit \u00fcber 40 Jahren\",\"potentialAction\":[{\"@type\":\"SearchAction\",\"target\":{\"@type\":\"EntryPoint\",\"urlTemplate\":\"https:\/\/www.eckla.de\/?s={search_term_string}\"},\"query-input\":{\"@type\":\"PropertyValueSpecification\",\"valueRequired\":true,\"valueName\":\"search_term_string\"}}],\"inLanguage\":\"en-US\"}]}<\/script>\n<!-- \/ Yoast SEO plugin. -->","yoast_head_json":{"title":"Eckla-Rafty 400 Schlauchbootwagen B-Ware - ECKLA\u00ae","robots":{"index":"index","follow":"follow","max-snippet":"max-snippet:-1","max-image-preview":"max-image-preview:large","max-video-preview":"max-video-preview:-1"},"canonical":"https:\/\/www.eckla.de\/en\/produkt\/eckla-rafty-400-schlauchbootwagen-b-ware\/","og_locale":"en_US","og_type":"article","og_title":"Eckla-Rafty 400 Schlauchbootwagen B-Ware - ECKLA\u00ae","og_description":"Der Bootswagen zum bequemen Transport f\u00fcr Schlauchboote, Canadier und \u00e4hnlich gro\u00dfe Boote. Das Boot liegt schonend auf weichen Gummiauflagen. Der Rahmen besteht aus stabilem nichtrostenden Aluminium. Die gro\u00dfen und breiten R\u00e4der verhindern ein Einsinken im Sand. Die luftbereiften R\u00e4der lassen sich mittels Klappsplinten leicht abnehmen und sorgen f\u00fcr einen ruhigen Lauf. Die praktische St\u00fctze h\u00e4lt...","og_url":"https:\/\/www.eckla.de\/en\/produkt\/eckla-rafty-400-schlauchbootwagen-b-ware\/","og_site_name":"ECKLA\u00ae","article_modified_time":"2025-11-04T12:24:53+00:00","og_image":[{"width":1940,"height":1682,"url":"https:\/\/www.eckla.de\/wp-content\/uploads\/2023\/11\/78981-ECKLA-RAFTY-400-pannensicher-scaled-scaled.jpg","type":"image\/jpeg"}],"twitter_card":"summary_large_image","twitter_misc":{"Est. reading time":"1 minute"},"schema":{"@context":"https:\/\/schema.org","@graph":[{"@type":"WebPage","@id":"https:\/\/www.eckla.de\/en\/produkt\/eckla-rafty-400-schlauchbootwagen-b-ware\/","url":"https:\/\/www.eckla.de\/en\/produkt\/eckla-rafty-400-schlauchbootwagen-b-ware\/","name":"Eckla-Rafty 400 Schlauchbootwagen B-Ware - ECKLA\u00ae","isPartOf":{"@id":"https:\/\/www.eckla.de\/#website"},"primaryImageOfPage":{"@id":"https:\/\/www.eckla.de\/en\/produkt\/eckla-rafty-400-schlauchbootwagen-b-ware\/#primaryimage"},"image":{"@id":"https:\/\/www.eckla.de\/en\/produkt\/eckla-rafty-400-schlauchbootwagen-b-ware\/#primaryimage"},"thumbnailUrl":"https:\/\/www.eckla.de\/wp-content\/uploads\/2023\/11\/78981-ECKLA-RAFTY-400-pannensicher-scaled-scaled.jpg","datePublished":"2025-02-17T10:45:53+00:00","dateModified":"2025-11-04T12:24:53+00:00","breadcrumb":{"@id":"https:\/\/www.eckla.de\/en\/produkt\/eckla-rafty-400-schlauchbootwagen-b-ware\/#breadcrumb"},"inLanguage":"en-US","potentialAction":[{"@type":"ReadAction","target":["https:\/\/www.eckla.de\/en\/produkt\/eckla-rafty-400-schlauchbootwagen-b-ware\/"]}]},{"@type":"ImageObject","inLanguage":"en-US","@id":"https:\/\/www.eckla.de\/en\/produkt\/eckla-rafty-400-schlauchbootwagen-b-ware\/#primaryimage","url":"https:\/\/www.eckla.de\/wp-content\/uploads\/2023\/11\/78981-ECKLA-RAFTY-400-pannensicher-scaled-scaled.jpg","contentUrl":"https:\/\/www.eckla.de\/wp-content\/uploads\/2023\/11\/78981-ECKLA-RAFTY-400-pannensicher-scaled-scaled.jpg","width":1940,"height":1682},{"@type":"BreadcrumbList","@id":"https:\/\/www.eckla.de\/en\/produkt\/eckla-rafty-400-schlauchbootwagen-b-ware\/#breadcrumb","itemListElement":[{"@type":"ListItem","position":1,"name":"Startseite","item":"https:\/\/www.eckla.de\/"},{"@type":"ListItem","position":2,"name":"Shop","item":"https:\/\/www.eckla.de\/en\/shop-3\/"},{"@type":"ListItem","position":3,"name":"Eckla-Rafty 400 Schlauchbootwagen B-Ware"}]},{"@type":"WebSite","@id":"https:\/\/www.eckla.de\/#website","url":"https:\/\/www.eckla.de\/","name":"ECKLA\u00ae","description":"Innovativ seit \u00fcber 40 Jahren","potentialAction":[{"@type":"SearchAction","target":{"@type":"EntryPoint","urlTemplate":"https:\/\/www.eckla.de\/?s={search_term_string}"},"query-input":{"@type":"PropertyValueSpecification","valueRequired":true,"valueName":"search_term_string"}}],"inLanguage":"en-US"}]}},"_links":{"self":[{"href":"https:\/\/www.eckla.de\/en\/wp-json\/wp\/v2\/product\/20223","targetHints":{"allow":["GET"]}}],"collection":[{"href":"https:\/\/www.eckla.de\/en\/wp-json\/wp\/v2\/product"}],"about":[{"href":"https:\/\/www.eckla.de\/en\/wp-json\/wp\/v2\/types\/product"}],"replies":[{"embeddable":true,"href":"https:\/\/www.eckla.de\/en\/wp-json\/wp\/v2\/comments?post=20223"}],"wp:featuredmedia":[{"embeddable":true,"href":"https:\/\/www.eckla.de\/en\/wp-json\/wp\/v2\/media\/16497"}],"wp:attachment":[{"href":"https:\/\/www.eckla.de\/en\/wp-json\/wp\/v2\/media?parent=20223"}],"wp:term":[{"taxonomy":"product_brand","embeddable":true,"href":"https:\/\/www.eckla.de\/en\/wp-json\/wp\/v2\/product_brand?post=20223"},{"taxonomy":"product_cat","embeddable":true,"href":"https:\/\/www.eckla.de\/en\/wp-json\/wp\/v2\/product_cat?post=20223"},{"taxonomy":"product_tag","embeddable":true,"href":"https:\/\/www.eckla.de\/en\/wp-json\/wp\/v2\/product_tag?post=20223"}],"curies":[{"name":"wp","href":"https:\/\/api.w.org\/{rel}","templated":true}]}}