{"id":22566,"date":"2025-07-21T17:42:58","date_gmt":"2025-07-21T15:42:58","guid":{"rendered":"https:\/\/www.eckla.de\/?post_type=product&#038;p=22566"},"modified":"2025-12-01T22:11:32","modified_gmt":"2025-12-01T21:11:32","slug":"eckla-board-trailer-sup-fahrradanhaenger-b-ware","status":"publish","type":"product","link":"https:\/\/www.eckla.de\/en\/produkt\/eckla-board-trailer-sup-fahrradanhaenger-b-ware\/","title":{"rendered":"ECKLA-Board Trailer \u2013 SUP Fahrradanh\u00e4nger B-Ware"},"content":{"rendered":"<p><strong>Eckla-Board Trailer<\/strong> der kompakte Fahrradanh\u00e4nger f\u00fcr Surf-oder SUP-Boards!<br \/>\nDas Set beinhaltet das komplette Befestigungmaterial bestehend aus Zugstange, Transportwagen und alle ben\u00f6tigten Zurrgurten. Nicht enthalten ist die Kupplung f\u00fcr das Fahrrad.<br \/>\nF\u00fcr die Befestigung am Fahrrad ben\u00f6tigen Sie die Kupplung Art. Nr. 79976.<br \/>\nDie Kupplung passt f\u00fcr Sattelst\u00fctzen von 26 \u2013 32mm.<br \/>\nDas gesamte Set kann bei Nichtgebrauch kompakt aufbewahrt werden.<\/p>\n<div class=\"g-cols wpb_row via_flex valign_top type_default stacking_default\">\n<div class=\"vc_col-sm-12 wpb_column vc_column_container\">\n<div class=\"vc_column-inner\">\n<div class=\"wpb_wrapper\">\n<div class=\"wpb_text_column\">\n<div class=\"wpb_wrapper\">\n<p><strong>Bei B-Ware handelt es sich um ein technisch einwandfreies Produkt! <\/strong><strong>B-Ware kann z.B. sein:\u00a0 R\u00fcckl\u00e4ufer, optischer Mangel o.\u00c4.<\/strong><\/p>\n<\/div>\n<\/div>\n<\/div>\n<\/div>\n<\/div>\n<\/div>\n<div class=\"w-separator size_small with_line width_default thick_1 style_solid color_border align_center\">\n<div class=\"w-separator-h\"><\/div>\n<\/div>\n","protected":false},"excerpt":{"rendered":"<p>Eckla-Board Trailer der kompakte Fahrradanh\u00e4nger f\u00fcr Surf-oder SUP-Boards! Das Set beinhaltet das komplette Befestigungmaterial bestehend aus Zugstange, Transportwagen und alle ben\u00f6tigten Zurrgurten. Nicht enthalten ist die Kupplung f\u00fcr das Fahrrad. F\u00fcr die Befestigung am Fahrrad ben\u00f6tigen Sie die Kupplung Art. Nr. 79976. Die Kupplung passt f\u00fcr Sattelst\u00fctzen von 26 \u2013 32mm. Das gesamte Set kann&#8230;<\/p>\n","protected":false},"featured_media":20853,"comment_status":"open","ping_status":"closed","template":"","meta":{"_acf_changed":false,"_links_to":"","_links_to_target":""},"product_brand":[],"product_cat":[20],"product_tag":[],"class_list":{"0":"post-22566","1":"product","2":"type-product","3":"status-publish","4":"has-post-thumbnail","6":"product_cat-unkategorisiert","8":"first","9":"outofstock","10":"sale","11":"taxable","12":"shipping-taxable","13":"purchasable","14":"product-type-simple"},"acf":[],"yoast_head":"<!-- This site is optimized with the Yoast SEO plugin v27.2 - https:\/\/yoast.com\/product\/yoast-seo-wordpress\/ -->\n<title>ECKLA-Board Trailer \u2013 SUP Fahrradanh\u00e4nger B-Ware - ECKLA\u00ae<\/title>\n<meta name=\"robots\" content=\"index, follow, max-snippet:-1, max-image-preview:large, max-video-preview:-1\" \/>\n<link rel=\"canonical\" href=\"https:\/\/www.eckla.de\/produkt\/eckla-board-trailer-sup-fahrradanhaenger-b-ware\/\" \/>\n<meta property=\"og:locale\" content=\"en_US\" \/>\n<meta property=\"og:type\" content=\"article\" \/>\n<meta property=\"og:title\" content=\"ECKLA-Board Trailer \u2013 SUP Fahrradanh\u00e4nger B-Ware - ECKLA\u00ae\" \/>\n<meta property=\"og:description\" content=\"Eckla-Board Trailer der kompakte Fahrradanh\u00e4nger f\u00fcr Surf-oder SUP-Boards! Das Set beinhaltet das komplette Befestigungmaterial bestehend aus Zugstange, Transportwagen und alle ben\u00f6tigten Zurrgurten. Nicht enthalten ist die Kupplung f\u00fcr das Fahrrad. F\u00fcr die Befestigung am Fahrrad ben\u00f6tigen Sie die Kupplung Art. Nr. 79976. Die Kupplung passt f\u00fcr Sattelst\u00fctzen von 26 \u2013 32mm. Das gesamte Set kann...\" \/>\n<meta property=\"og:url\" content=\"https:\/\/www.eckla.de\/produkt\/eckla-board-trailer-sup-fahrradanhaenger-b-ware\/\" \/>\n<meta property=\"og:site_name\" content=\"ECKLA\u00ae\" \/>\n<meta property=\"article:modified_time\" content=\"2025-12-01T21:11:32+00:00\" \/>\n<meta property=\"og:image\" content=\"https:\/\/www.eckla.de\/wp-content\/uploads\/2025\/04\/Eckla-Board-Trailer_SUP-Fahrradanhaenger_76000_1000x1000.jpg\" \/>\n\t<meta property=\"og:image:width\" content=\"1000\" \/>\n\t<meta property=\"og:image:height\" content=\"1000\" \/>\n\t<meta property=\"og:image:type\" content=\"image\/jpeg\" \/>\n<meta name=\"twitter:card\" content=\"summary_large_image\" \/>\n<meta name=\"twitter:label1\" content=\"Est. reading time\" \/>\n\t<meta name=\"twitter:data1\" content=\"1 minute\" \/>\n<script type=\"application\/ld+json\" class=\"yoast-schema-graph\">{\"@context\":\"https:\/\/schema.org\",\"@graph\":[{\"@type\":\"WebPage\",\"@id\":\"https:\/\/www.eckla.de\/produkt\/eckla-board-trailer-sup-fahrradanhaenger-b-ware\/\",\"url\":\"https:\/\/www.eckla.de\/produkt\/eckla-board-trailer-sup-fahrradanhaenger-b-ware\/\",\"name\":\"ECKLA-Board Trailer \u2013 SUP Fahrradanh\u00e4nger B-Ware - ECKLA\u00ae\",\"isPartOf\":{\"@id\":\"https:\/\/www.eckla.de\/#website\"},\"primaryImageOfPage\":{\"@id\":\"https:\/\/www.eckla.de\/produkt\/eckla-board-trailer-sup-fahrradanhaenger-b-ware\/#primaryimage\"},\"image\":{\"@id\":\"https:\/\/www.eckla.de\/produkt\/eckla-board-trailer-sup-fahrradanhaenger-b-ware\/#primaryimage\"},\"thumbnailUrl\":\"https:\/\/www.eckla.de\/wp-content\/uploads\/2025\/04\/Eckla-Board-Trailer_SUP-Fahrradanhaenger_76000_1000x1000.jpg\",\"datePublished\":\"2025-07-21T15:42:58+00:00\",\"dateModified\":\"2025-12-01T21:11:32+00:00\",\"breadcrumb\":{\"@id\":\"https:\/\/www.eckla.de\/produkt\/eckla-board-trailer-sup-fahrradanhaenger-b-ware\/#breadcrumb\"},\"inLanguage\":\"en-US\",\"potentialAction\":[{\"@type\":\"ReadAction\",\"target\":[\"https:\/\/www.eckla.de\/produkt\/eckla-board-trailer-sup-fahrradanhaenger-b-ware\/\"]}]},{\"@type\":\"ImageObject\",\"inLanguage\":\"en-US\",\"@id\":\"https:\/\/www.eckla.de\/produkt\/eckla-board-trailer-sup-fahrradanhaenger-b-ware\/#primaryimage\",\"url\":\"https:\/\/www.eckla.de\/wp-content\/uploads\/2025\/04\/Eckla-Board-Trailer_SUP-Fahrradanhaenger_76000_1000x1000.jpg\",\"contentUrl\":\"https:\/\/www.eckla.de\/wp-content\/uploads\/2025\/04\/Eckla-Board-Trailer_SUP-Fahrradanhaenger_76000_1000x1000.jpg\",\"width\":1000,\"height\":1000,\"caption\":\"Eckla-Board-Trailer_SUP-Fahrradanh\u00e4nger\"},{\"@type\":\"BreadcrumbList\",\"@id\":\"https:\/\/www.eckla.de\/produkt\/eckla-board-trailer-sup-fahrradanhaenger-b-ware\/#breadcrumb\",\"itemListElement\":[{\"@type\":\"ListItem\",\"position\":1,\"name\":\"Startseite\",\"item\":\"https:\/\/www.eckla.de\/\"},{\"@type\":\"ListItem\",\"position\":2,\"name\":\"Shop\",\"item\":\"https:\/\/www.eckla.de\/en\/shop-3\/\"},{\"@type\":\"ListItem\",\"position\":3,\"name\":\"ECKLA-Board Trailer \u2013 SUP Fahrradanh\u00e4nger B-Ware\"}]},{\"@type\":\"WebSite\",\"@id\":\"https:\/\/www.eckla.de\/#website\",\"url\":\"https:\/\/www.eckla.de\/\",\"name\":\"ECKLA\u00ae\",\"description\":\"Innovativ seit \u00fcber 40 Jahren\",\"potentialAction\":[{\"@type\":\"SearchAction\",\"target\":{\"@type\":\"EntryPoint\",\"urlTemplate\":\"https:\/\/www.eckla.de\/?s={search_term_string}\"},\"query-input\":{\"@type\":\"PropertyValueSpecification\",\"valueRequired\":true,\"valueName\":\"search_term_string\"}}],\"inLanguage\":\"en-US\"}]}<\/script>\n<!-- \/ Yoast SEO plugin. -->","yoast_head_json":{"title":"ECKLA-Board Trailer \u2013 SUP Fahrradanh\u00e4nger B-Ware - ECKLA\u00ae","robots":{"index":"index","follow":"follow","max-snippet":"max-snippet:-1","max-image-preview":"max-image-preview:large","max-video-preview":"max-video-preview:-1"},"canonical":"https:\/\/www.eckla.de\/produkt\/eckla-board-trailer-sup-fahrradanhaenger-b-ware\/","og_locale":"en_US","og_type":"article","og_title":"ECKLA-Board Trailer \u2013 SUP Fahrradanh\u00e4nger B-Ware - ECKLA\u00ae","og_description":"Eckla-Board Trailer der kompakte Fahrradanh\u00e4nger f\u00fcr Surf-oder SUP-Boards! Das Set beinhaltet das komplette Befestigungmaterial bestehend aus Zugstange, Transportwagen und alle ben\u00f6tigten Zurrgurten. Nicht enthalten ist die Kupplung f\u00fcr das Fahrrad. F\u00fcr die Befestigung am Fahrrad ben\u00f6tigen Sie die Kupplung Art. Nr. 79976. Die Kupplung passt f\u00fcr Sattelst\u00fctzen von 26 \u2013 32mm. Das gesamte Set kann...","og_url":"https:\/\/www.eckla.de\/produkt\/eckla-board-trailer-sup-fahrradanhaenger-b-ware\/","og_site_name":"ECKLA\u00ae","article_modified_time":"2025-12-01T21:11:32+00:00","og_image":[{"width":1000,"height":1000,"url":"https:\/\/www.eckla.de\/wp-content\/uploads\/2025\/04\/Eckla-Board-Trailer_SUP-Fahrradanhaenger_76000_1000x1000.jpg","type":"image\/jpeg"}],"twitter_card":"summary_large_image","twitter_misc":{"Est. reading time":"1 minute"},"schema":{"@context":"https:\/\/schema.org","@graph":[{"@type":"WebPage","@id":"https:\/\/www.eckla.de\/produkt\/eckla-board-trailer-sup-fahrradanhaenger-b-ware\/","url":"https:\/\/www.eckla.de\/produkt\/eckla-board-trailer-sup-fahrradanhaenger-b-ware\/","name":"ECKLA-Board Trailer \u2013 SUP Fahrradanh\u00e4nger B-Ware - ECKLA\u00ae","isPartOf":{"@id":"https:\/\/www.eckla.de\/#website"},"primaryImageOfPage":{"@id":"https:\/\/www.eckla.de\/produkt\/eckla-board-trailer-sup-fahrradanhaenger-b-ware\/#primaryimage"},"image":{"@id":"https:\/\/www.eckla.de\/produkt\/eckla-board-trailer-sup-fahrradanhaenger-b-ware\/#primaryimage"},"thumbnailUrl":"https:\/\/www.eckla.de\/wp-content\/uploads\/2025\/04\/Eckla-Board-Trailer_SUP-Fahrradanhaenger_76000_1000x1000.jpg","datePublished":"2025-07-21T15:42:58+00:00","dateModified":"2025-12-01T21:11:32+00:00","breadcrumb":{"@id":"https:\/\/www.eckla.de\/produkt\/eckla-board-trailer-sup-fahrradanhaenger-b-ware\/#breadcrumb"},"inLanguage":"en-US","potentialAction":[{"@type":"ReadAction","target":["https:\/\/www.eckla.de\/produkt\/eckla-board-trailer-sup-fahrradanhaenger-b-ware\/"]}]},{"@type":"ImageObject","inLanguage":"en-US","@id":"https:\/\/www.eckla.de\/produkt\/eckla-board-trailer-sup-fahrradanhaenger-b-ware\/#primaryimage","url":"https:\/\/www.eckla.de\/wp-content\/uploads\/2025\/04\/Eckla-Board-Trailer_SUP-Fahrradanhaenger_76000_1000x1000.jpg","contentUrl":"https:\/\/www.eckla.de\/wp-content\/uploads\/2025\/04\/Eckla-Board-Trailer_SUP-Fahrradanhaenger_76000_1000x1000.jpg","width":1000,"height":1000,"caption":"Eckla-Board-Trailer_SUP-Fahrradanh\u00e4nger"},{"@type":"BreadcrumbList","@id":"https:\/\/www.eckla.de\/produkt\/eckla-board-trailer-sup-fahrradanhaenger-b-ware\/#breadcrumb","itemListElement":[{"@type":"ListItem","position":1,"name":"Startseite","item":"https:\/\/www.eckla.de\/"},{"@type":"ListItem","position":2,"name":"Shop","item":"https:\/\/www.eckla.de\/en\/shop-3\/"},{"@type":"ListItem","position":3,"name":"ECKLA-Board Trailer \u2013 SUP Fahrradanh\u00e4nger B-Ware"}]},{"@type":"WebSite","@id":"https:\/\/www.eckla.de\/#website","url":"https:\/\/www.eckla.de\/","name":"ECKLA\u00ae","description":"Innovativ seit \u00fcber 40 Jahren","potentialAction":[{"@type":"SearchAction","target":{"@type":"EntryPoint","urlTemplate":"https:\/\/www.eckla.de\/?s={search_term_string}"},"query-input":{"@type":"PropertyValueSpecification","valueRequired":true,"valueName":"search_term_string"}}],"inLanguage":"en-US"}]}},"_links":{"self":[{"href":"https:\/\/www.eckla.de\/en\/wp-json\/wp\/v2\/product\/22566","targetHints":{"allow":["GET"]}}],"collection":[{"href":"https:\/\/www.eckla.de\/en\/wp-json\/wp\/v2\/product"}],"about":[{"href":"https:\/\/www.eckla.de\/en\/wp-json\/wp\/v2\/types\/product"}],"replies":[{"embeddable":true,"href":"https:\/\/www.eckla.de\/en\/wp-json\/wp\/v2\/comments?post=22566"}],"wp:featuredmedia":[{"embeddable":true,"href":"https:\/\/www.eckla.de\/en\/wp-json\/wp\/v2\/media\/20853"}],"wp:attachment":[{"href":"https:\/\/www.eckla.de\/en\/wp-json\/wp\/v2\/media?parent=22566"}],"wp:term":[{"taxonomy":"product_brand","embeddable":true,"href":"https:\/\/www.eckla.de\/en\/wp-json\/wp\/v2\/product_brand?post=22566"},{"taxonomy":"product_cat","embeddable":true,"href":"https:\/\/www.eckla.de\/en\/wp-json\/wp\/v2\/product_cat?post=22566"},{"taxonomy":"product_tag","embeddable":true,"href":"https:\/\/www.eckla.de\/en\/wp-json\/wp\/v2\/product_tag?post=22566"}],"curies":[{"name":"wp","href":"https:\/\/api.w.org\/{rel}","templated":true}]}}