{"id":24567,"date":"2026-01-09T13:22:07","date_gmt":"2026-01-09T12:22:07","guid":{"rendered":"https:\/\/www.eckla.de\/?post_type=product&#038;p=24567"},"modified":"2026-04-01T20:47:18","modified_gmt":"2026-04-01T18:47:18","slug":"eckla-campingboy-2","status":"publish","type":"product","link":"https:\/\/www.eckla.de\/en\/produkt\/eckla-campingboy-2\/","title":{"rendered":"ECKLA Campingboy 2"},"content":{"rendered":"<p>Der ECKLA-CAMPINGBOY 2 wurde speziell f\u00fcr den schweren Campingeinsatz entwickelt.<br \/>\nDie Abmessung ist an die dort verwendeten Gasflaschen, Wasserbeh\u00e4ltnisse, Campingst\u00fchle, Boxen und an die viel verwendeten Toiletten Kassetten angepasst.<br \/>\nDas R\u00fcckentuch ist mit Klettverschl\u00fcssen versehen und kann sowohl oben oder unten auf der Ladefl\u00e4che angebracht werden.<br \/>\nDer Wagen kann f\u00fcr den weichen Lauf, mit luftbereiften oder pannensicheren R\u00e4dern \u00d8 200 mm ausgestattet werden. F\u00fcr den \u00fcberwiegenden Einsatz am Strand empfehlen wir die Luftr\u00e4der 260 mm. Die R\u00e4der sind dank Schnellverschl\u00fcssen schnell abgenommen.<\/p>\n<p>Der leichtgewichtige ECKLA-CAMPINGBOY 2 ist aus dickwandigem, eloxierten<br \/>\nAluminiumrohr. Gewicht ca. 2,8 kg. Abmessung zusammengelegt: 62 x 50 x 11 cm (bei abgenommenen R\u00e4dern).<\/p>\n","protected":false},"excerpt":{"rendered":"<p>Der ECKLA-CAMPINGBOY 2 wurde speziell f\u00fcr den schweren Campingeinsatz entwickelt. Die Abmessung ist an die dort verwendeten Gasflaschen, Wasserbeh\u00e4ltnisse, Campingst\u00fchle, Boxen und an die viel verwendeten Toiletten Kassetten angepasst. Das R\u00fcckentuch ist mit Klettverschl\u00fcssen versehen und kann sowohl oben oder unten auf der Ladefl\u00e4che angebracht werden. Der Wagen kann f\u00fcr den weichen Lauf, mit luftbereiften&#8230;<\/p>\n","protected":false},"featured_media":24573,"comment_status":"open","ping_status":"closed","template":"","meta":{"_acf_changed":false,"_links_to":"","_links_to_target":""},"product_brand":[],"product_cat":[208,23],"product_tag":[],"class_list":{"0":"post-24567","1":"product","2":"type-product","3":"status-publish","4":"has-post-thumbnail","6":"product_cat-camping","7":"product_cat-transportwagen","9":"first","10":"instock","11":"taxable","12":"shipping-taxable","13":"purchasable","14":"product-type-variable"},"acf":[],"yoast_head":"<!-- This site is optimized with the Yoast SEO plugin v27.2 - https:\/\/yoast.com\/product\/yoast-seo-wordpress\/ -->\n<title>ECKLA Campingboy 2 - ECKLA\u00ae<\/title>\n<meta name=\"robots\" content=\"index, follow, max-snippet:-1, max-image-preview:large, max-video-preview:-1\" \/>\n<link rel=\"canonical\" href=\"https:\/\/www.eckla.de\/produkt\/eckla-campingboy-2\/\" \/>\n<meta property=\"og:locale\" content=\"en_US\" \/>\n<meta property=\"og:type\" content=\"article\" \/>\n<meta property=\"og:title\" content=\"ECKLA Campingboy 2 - ECKLA\u00ae\" \/>\n<meta property=\"og:description\" content=\"Der ECKLA-CAMPINGBOY 2 wurde speziell f\u00fcr den schweren Campingeinsatz entwickelt. Die Abmessung ist an die dort verwendeten Gasflaschen, Wasserbeh\u00e4ltnisse, Campingst\u00fchle, Boxen und an die viel verwendeten Toiletten Kassetten angepasst. Das R\u00fcckentuch ist mit Klettverschl\u00fcssen versehen und kann sowohl oben oder unten auf der Ladefl\u00e4che angebracht werden. Der Wagen kann f\u00fcr den weichen Lauf, mit luftbereiften...\" \/>\n<meta property=\"og:url\" content=\"https:\/\/www.eckla.de\/produkt\/eckla-campingboy-2\/\" \/>\n<meta property=\"og:site_name\" content=\"ECKLA\u00ae\" \/>\n<meta property=\"article:modified_time\" content=\"2026-04-01T18:47:18+00:00\" \/>\n<meta property=\"og:image\" content=\"https:\/\/www.eckla.de\/wp-content\/uploads\/2026\/01\/Campingboy-2-200-er-Luft-77505-scaled.jpg\" \/>\n\t<meta property=\"og:image:width\" content=\"1940\" \/>\n\t<meta property=\"og:image:height\" content=\"1940\" \/>\n\t<meta property=\"og:image:type\" content=\"image\/jpeg\" \/>\n<meta name=\"twitter:card\" content=\"summary_large_image\" \/>\n<meta name=\"twitter:label1\" content=\"Est. reading time\" \/>\n\t<meta name=\"twitter:data1\" content=\"1 minute\" \/>\n<script type=\"application\/ld+json\" class=\"yoast-schema-graph\">{\"@context\":\"https:\/\/schema.org\",\"@graph\":[{\"@type\":\"WebPage\",\"@id\":\"https:\/\/www.eckla.de\/produkt\/eckla-campingboy-2\/\",\"url\":\"https:\/\/www.eckla.de\/produkt\/eckla-campingboy-2\/\",\"name\":\"ECKLA Campingboy 2 - ECKLA\u00ae\",\"isPartOf\":{\"@id\":\"https:\/\/www.eckla.de\/#website\"},\"primaryImageOfPage\":{\"@id\":\"https:\/\/www.eckla.de\/produkt\/eckla-campingboy-2\/#primaryimage\"},\"image\":{\"@id\":\"https:\/\/www.eckla.de\/produkt\/eckla-campingboy-2\/#primaryimage\"},\"thumbnailUrl\":\"https:\/\/www.eckla.de\/wp-content\/uploads\/2026\/01\/Campingboy-2-200-er-Luft-77505-scaled.jpg\",\"datePublished\":\"2026-01-09T12:22:07+00:00\",\"dateModified\":\"2026-04-01T18:47:18+00:00\",\"breadcrumb\":{\"@id\":\"https:\/\/www.eckla.de\/produkt\/eckla-campingboy-2\/#breadcrumb\"},\"inLanguage\":\"en-US\",\"potentialAction\":[{\"@type\":\"ReadAction\",\"target\":[\"https:\/\/www.eckla.de\/produkt\/eckla-campingboy-2\/\"]}]},{\"@type\":\"ImageObject\",\"inLanguage\":\"en-US\",\"@id\":\"https:\/\/www.eckla.de\/produkt\/eckla-campingboy-2\/#primaryimage\",\"url\":\"https:\/\/www.eckla.de\/wp-content\/uploads\/2026\/01\/Campingboy-2-200-er-Luft-77505-scaled.jpg\",\"contentUrl\":\"https:\/\/www.eckla.de\/wp-content\/uploads\/2026\/01\/Campingboy-2-200-er-Luft-77505-scaled.jpg\",\"width\":1940,\"height\":1940,\"caption\":\"Campingboy 2 mit l\u00e4ngerer Auflagefl\u00e4che 200 er Luftr\u00e4der\"},{\"@type\":\"BreadcrumbList\",\"@id\":\"https:\/\/www.eckla.de\/produkt\/eckla-campingboy-2\/#breadcrumb\",\"itemListElement\":[{\"@type\":\"ListItem\",\"position\":1,\"name\":\"Startseite\",\"item\":\"https:\/\/www.eckla.de\/\"},{\"@type\":\"ListItem\",\"position\":2,\"name\":\"Shop\",\"item\":\"https:\/\/www.eckla.de\/en\/shop-3\/\"},{\"@type\":\"ListItem\",\"position\":3,\"name\":\"ECKLA Campingboy 2\"}]},{\"@type\":\"WebSite\",\"@id\":\"https:\/\/www.eckla.de\/#website\",\"url\":\"https:\/\/www.eckla.de\/\",\"name\":\"ECKLA\u00ae\",\"description\":\"Innovativ seit \u00fcber 40 Jahren\",\"potentialAction\":[{\"@type\":\"SearchAction\",\"target\":{\"@type\":\"EntryPoint\",\"urlTemplate\":\"https:\/\/www.eckla.de\/?s={search_term_string}\"},\"query-input\":{\"@type\":\"PropertyValueSpecification\",\"valueRequired\":true,\"valueName\":\"search_term_string\"}}],\"inLanguage\":\"en-US\"}]}<\/script>\n<!-- \/ Yoast SEO plugin. -->","yoast_head_json":{"title":"ECKLA Campingboy 2 - ECKLA\u00ae","robots":{"index":"index","follow":"follow","max-snippet":"max-snippet:-1","max-image-preview":"max-image-preview:large","max-video-preview":"max-video-preview:-1"},"canonical":"https:\/\/www.eckla.de\/produkt\/eckla-campingboy-2\/","og_locale":"en_US","og_type":"article","og_title":"ECKLA Campingboy 2 - ECKLA\u00ae","og_description":"Der ECKLA-CAMPINGBOY 2 wurde speziell f\u00fcr den schweren Campingeinsatz entwickelt. Die Abmessung ist an die dort verwendeten Gasflaschen, Wasserbeh\u00e4ltnisse, Campingst\u00fchle, Boxen und an die viel verwendeten Toiletten Kassetten angepasst. Das R\u00fcckentuch ist mit Klettverschl\u00fcssen versehen und kann sowohl oben oder unten auf der Ladefl\u00e4che angebracht werden. Der Wagen kann f\u00fcr den weichen Lauf, mit luftbereiften...","og_url":"https:\/\/www.eckla.de\/produkt\/eckla-campingboy-2\/","og_site_name":"ECKLA\u00ae","article_modified_time":"2026-04-01T18:47:18+00:00","og_image":[{"width":1940,"height":1940,"url":"https:\/\/www.eckla.de\/wp-content\/uploads\/2026\/01\/Campingboy-2-200-er-Luft-77505-scaled.jpg","type":"image\/jpeg"}],"twitter_card":"summary_large_image","twitter_misc":{"Est. reading time":"1 minute"},"schema":{"@context":"https:\/\/schema.org","@graph":[{"@type":"WebPage","@id":"https:\/\/www.eckla.de\/produkt\/eckla-campingboy-2\/","url":"https:\/\/www.eckla.de\/produkt\/eckla-campingboy-2\/","name":"ECKLA Campingboy 2 - ECKLA\u00ae","isPartOf":{"@id":"https:\/\/www.eckla.de\/#website"},"primaryImageOfPage":{"@id":"https:\/\/www.eckla.de\/produkt\/eckla-campingboy-2\/#primaryimage"},"image":{"@id":"https:\/\/www.eckla.de\/produkt\/eckla-campingboy-2\/#primaryimage"},"thumbnailUrl":"https:\/\/www.eckla.de\/wp-content\/uploads\/2026\/01\/Campingboy-2-200-er-Luft-77505-scaled.jpg","datePublished":"2026-01-09T12:22:07+00:00","dateModified":"2026-04-01T18:47:18+00:00","breadcrumb":{"@id":"https:\/\/www.eckla.de\/produkt\/eckla-campingboy-2\/#breadcrumb"},"inLanguage":"en-US","potentialAction":[{"@type":"ReadAction","target":["https:\/\/www.eckla.de\/produkt\/eckla-campingboy-2\/"]}]},{"@type":"ImageObject","inLanguage":"en-US","@id":"https:\/\/www.eckla.de\/produkt\/eckla-campingboy-2\/#primaryimage","url":"https:\/\/www.eckla.de\/wp-content\/uploads\/2026\/01\/Campingboy-2-200-er-Luft-77505-scaled.jpg","contentUrl":"https:\/\/www.eckla.de\/wp-content\/uploads\/2026\/01\/Campingboy-2-200-er-Luft-77505-scaled.jpg","width":1940,"height":1940,"caption":"Campingboy 2 mit l\u00e4ngerer Auflagefl\u00e4che 200 er Luftr\u00e4der"},{"@type":"BreadcrumbList","@id":"https:\/\/www.eckla.de\/produkt\/eckla-campingboy-2\/#breadcrumb","itemListElement":[{"@type":"ListItem","position":1,"name":"Startseite","item":"https:\/\/www.eckla.de\/"},{"@type":"ListItem","position":2,"name":"Shop","item":"https:\/\/www.eckla.de\/en\/shop-3\/"},{"@type":"ListItem","position":3,"name":"ECKLA Campingboy 2"}]},{"@type":"WebSite","@id":"https:\/\/www.eckla.de\/#website","url":"https:\/\/www.eckla.de\/","name":"ECKLA\u00ae","description":"Innovativ seit \u00fcber 40 Jahren","potentialAction":[{"@type":"SearchAction","target":{"@type":"EntryPoint","urlTemplate":"https:\/\/www.eckla.de\/?s={search_term_string}"},"query-input":{"@type":"PropertyValueSpecification","valueRequired":true,"valueName":"search_term_string"}}],"inLanguage":"en-US"}]}},"_links":{"self":[{"href":"https:\/\/www.eckla.de\/en\/wp-json\/wp\/v2\/product\/24567","targetHints":{"allow":["GET"]}}],"collection":[{"href":"https:\/\/www.eckla.de\/en\/wp-json\/wp\/v2\/product"}],"about":[{"href":"https:\/\/www.eckla.de\/en\/wp-json\/wp\/v2\/types\/product"}],"replies":[{"embeddable":true,"href":"https:\/\/www.eckla.de\/en\/wp-json\/wp\/v2\/comments?post=24567"}],"wp:featuredmedia":[{"embeddable":true,"href":"https:\/\/www.eckla.de\/en\/wp-json\/wp\/v2\/media\/24573"}],"wp:attachment":[{"href":"https:\/\/www.eckla.de\/en\/wp-json\/wp\/v2\/media?parent=24567"}],"wp:term":[{"taxonomy":"product_brand","embeddable":true,"href":"https:\/\/www.eckla.de\/en\/wp-json\/wp\/v2\/product_brand?post=24567"},{"taxonomy":"product_cat","embeddable":true,"href":"https:\/\/www.eckla.de\/en\/wp-json\/wp\/v2\/product_cat?post=24567"},{"taxonomy":"product_tag","embeddable":true,"href":"https:\/\/www.eckla.de\/en\/wp-json\/wp\/v2\/product_tag?post=24567"}],"curies":[{"name":"wp","href":"https:\/\/api.w.org\/{rel}","templated":true}]}}